{"id":583,"date":"2019-03-27T12:50:06","date_gmt":"2019-03-27T11:50:06","guid":{"rendered":"https:\/\/www.kodacx.hu\/?page_id=583"},"modified":"2019-03-27T15:00:30","modified_gmt":"2019-03-27T14:00:30","slug":"szellemi-tulajdon","status":"publish","type":"page","link":"https:\/\/www.kodacx.hu\/?page_id=583","title":{"rendered":"Szellemi tulajdon"},"content":{"rendered":"<h2>A szellemi tulajdon v\u00e9delme<a id=\"szellemitulajdon\"><\/a><\/h2>\n<p>Az oldalon \u00e9s a gal\u00e9ri\u00e1kban szerepl\u0151 k\u00e9pek, mint\u00e1k \u00e9s m\u0171vek a honlap tulajdonos\u00e1nak, Kov\u00e1cs D\u00e1niel alkalmazott grafikusnak a szellemi tulajdon\u00e1t k\u00e9pezik, szerz\u0151i jogv\u00e9delem alatt \u00e1llnak. Felhaszn\u00e1l\u00e1si joguk adott esetben a megrendel\u0151k\u00e9.<br \/>\nAzok b\u00e1rmif\u00e9le, az alkot\u00f3 \u00edr\u00e1sos enged\u00e9ly n\u00e9lk\u00fcli felhaszn\u00e1l\u00e1sa, \u00e1talak\u00edt\u00e1sa, m\u00e1s f\u00f3rumon val\u00f3 szerepeltet\u00e9se, saj\u00e1tk\u00e9nt val\u00f3 felt\u00fcntet\u00e9se tilos \u00e9s jogi l\u00e9p\u00e9seket von maga ut\u00e1n!<\/p>\n<p>&nbsp;<\/p>\n<h2>A szellemi tulajdonra vonatkoz\u00f3 jogszab\u00e1lyok:<\/h2>\n<p><a href=\"https:\/\/www.kodacx.hu\/wp-content\/uploads\/2019\/03\/plugin-szerzoi_jogi_torveny.pdf\" target=\"_blank\" rel=\"noopener\">1999. \u00e9vi LXXVI. t\u00f6rv\u00e9ny\u00a0a szerz\u0151i jogr\u00f3l<\/a><\/p>\n<p><a href=\"https:\/\/www.kodacx.hu\/wp-content\/uploads\/2019\/03\/plugin-117_2004_Korm.pdf\" target=\"_blank\" rel=\"noopener\">117\/2004. (IV. 28.) Korm. rendelet<\/a><br \/>\na szerz\u0151i jogr\u00f3l sz\u00f3l\u00f3 1999. \u00e9vi LXXVI. t\u00f6rv\u00e9ny 38. \u00a7-\u00e1nak (5) bekezd\u00e9s\u00e9ben<br \/>\nszab\u00e1lyozott szabad felhaszn\u00e1l\u00e1s eset\u00e9ben a nyilv\u00e1noss\u00e1g egyes tagjaihoz val\u00f3<br \/>\nk\u00f6zvet\u00edt\u00e9s \u00e9s a sz\u00e1mukra t\u00f6rt\u00e9n\u0151 hozz\u00e1f\u00e9rhet\u0151v\u00e9 t\u00e9tel m\u00f3dj\u00e1nak \u00e9s felt\u00e9teleinek<br \/>\nmeghat\u00e1roz\u00e1s\u00e1r\u00f3l<\/p>\n","protected":false},"excerpt":{"rendered":"<p>A szellemi tulajdon v\u00e9delme Az oldalon \u00e9s a gal\u00e9ri\u00e1kban szerepl\u0151 k\u00e9pek, mint\u00e1k \u00e9s m\u0171vek a honlap tulajdonos\u00e1nak, Kov\u00e1cs D\u00e1niel alkalmazott grafikusnak a szellemi tulajdon\u00e1t k\u00e9pezik, szerz\u0151i jogv\u00e9delem alatt \u00e1llnak. Felhaszn\u00e1l\u00e1si joguk adott esetben a megrendel\u0151k\u00e9. Azok b\u00e1rmif\u00e9le, az alkot\u00f3 \u00edr\u00e1sos &hellip; <a href=\"https:\/\/www.kodacx.hu\/?page_id=583\">Egy kattint\u00e1s ide a folytat\u00e1shoz&#8230;. <span class=\"meta-nav\">&rarr;<\/span><\/a><\/p>\n","protected":false},"author":1,"featured_media":0,"parent":531,"menu_order":3,"comment_status":"closed","ping_status":"closed","template":"","meta":{"_monsterinsights_skip_tracking":false,"_monsterinsights_sitenote_active":false,"_monsterinsights_sitenote_note":"","_monsterinsights_sitenote_category":0,"footnotes":""},"class_list":["post-583","page","type-page","status-publish","hentry"],"yoast_head":"<!-- This site is optimized with the Yoast SEO plugin v27.5 - https:\/\/yoast.com\/product\/yoast-seo-wordpress\/ -->\n<title>Szellemi tulajdon &#8212; kodacx design<\/title>\n<meta name=\"description\" content=\"kodacx design - Kov\u00e1cs D\u00e1niel magyar alkalmazott grafikus \/ hungarian graphic designer\" \/>\n<meta name=\"robots\" content=\"index, follow, max-snippet:-1, max-image-preview:large, max-video-preview:-1\" \/>\n<link rel=\"canonical\" href=\"https:\/\/www.kodacx.hu\/?page_id=583\" \/>\n<meta property=\"og:locale\" content=\"hu_HU\" \/>\n<meta property=\"og:type\" content=\"article\" \/>\n<meta property=\"og:title\" content=\"Szellemi tulajdon &#8212; kodacx design\" \/>\n<meta property=\"og:description\" content=\"kodacx design - Kov\u00e1cs D\u00e1niel magyar alkalmazott grafikus \/ hungarian graphic designer\" \/>\n<meta property=\"og:url\" content=\"https:\/\/www.kodacx.hu\/?page_id=583\" \/>\n<meta property=\"og:site_name\" content=\"kodacx design\" \/>\n<meta property=\"article:publisher\" content=\"https:\/\/www.facebook.com\/kodacx\" \/>\n<meta property=\"article:modified_time\" content=\"2019-03-27T14:00:30+00:00\" \/>\n<meta name=\"twitter:card\" content=\"summary_large_image\" \/>\n<meta name=\"twitter:label1\" content=\"Becs\u00fclt olvas\u00e1si id\u0151\" \/>\n\t<meta name=\"twitter:data1\" content=\"1 perc\" \/>\n<script type=\"application\/ld+json\" class=\"yoast-schema-graph\">{\"@context\":\"https:\\\/\\\/schema.org\",\"@graph\":[{\"@type\":\"WebPage\",\"@id\":\"https:\\\/\\\/www.kodacx.hu\\\/?page_id=583\",\"url\":\"https:\\\/\\\/www.kodacx.hu\\\/?page_id=583\",\"name\":\"Szellemi tulajdon &#8212; kodacx design\",\"isPartOf\":{\"@id\":\"https:\\\/\\\/www.kodacx.hu\\\/#website\"},\"datePublished\":\"2019-03-27T11:50:06+00:00\",\"dateModified\":\"2019-03-27T14:00:30+00:00\",\"description\":\"kodacx design - Kov\u00e1cs D\u00e1niel magyar alkalmazott grafikus \\\/ hungarian graphic designer\",\"breadcrumb\":{\"@id\":\"https:\\\/\\\/www.kodacx.hu\\\/?page_id=583#breadcrumb\"},\"inLanguage\":\"hu\",\"potentialAction\":[{\"@type\":\"ReadAction\",\"target\":[\"https:\\\/\\\/www.kodacx.hu\\\/?page_id=583\"]}]},{\"@type\":\"BreadcrumbList\",\"@id\":\"https:\\\/\\\/www.kodacx.hu\\\/?page_id=583#breadcrumb\",\"itemListElement\":[{\"@type\":\"ListItem\",\"position\":1,\"name\":\"Home\",\"item\":\"https:\\\/\\\/www.kodacx.hu\\\/\"},{\"@type\":\"ListItem\",\"position\":2,\"name\":\"Jog- \u00e9s adatv\u00e9delem\",\"item\":\"https:\\\/\\\/www.kodacx.hu\\\/?page_id=531\"},{\"@type\":\"ListItem\",\"position\":3,\"name\":\"Szellemi tulajdon\"}]},{\"@type\":\"WebSite\",\"@id\":\"https:\\\/\\\/www.kodacx.hu\\\/#website\",\"url\":\"https:\\\/\\\/www.kodacx.hu\\\/\",\"name\":\"kodacx design\",\"description\":\"Kov\u00e1cs D\u00e1niel &quot;kodacx&quot; alkalmazott grafikus\",\"publisher\":{\"@id\":\"https:\\\/\\\/www.kodacx.hu\\\/#\\\/schema\\\/person\\\/3d9b63c6491c0b4ca008cffa6b66b384\"},\"potentialAction\":[{\"@type\":\"SearchAction\",\"target\":{\"@type\":\"EntryPoint\",\"urlTemplate\":\"https:\\\/\\\/www.kodacx.hu\\\/?s={search_term_string}\"},\"query-input\":{\"@type\":\"PropertyValueSpecification\",\"valueRequired\":true,\"valueName\":\"search_term_string\"}}],\"inLanguage\":\"hu\"},{\"@type\":[\"Person\",\"Organization\"],\"@id\":\"https:\\\/\\\/www.kodacx.hu\\\/#\\\/schema\\\/person\\\/3d9b63c6491c0b4ca008cffa6b66b384\",\"name\":\"kodacx\",\"image\":{\"@type\":\"ImageObject\",\"inLanguage\":\"hu\",\"@id\":\"https:\\\/\\\/www.kodacx.hu\\\/wp-content\\\/uploads\\\/2019\\\/10\\\/kodacx-design-uj-logo-512\u00d7512.jpg\",\"url\":\"https:\\\/\\\/www.kodacx.hu\\\/wp-content\\\/uploads\\\/2019\\\/10\\\/kodacx-design-uj-logo-512\u00d7512.jpg\",\"contentUrl\":\"https:\\\/\\\/www.kodacx.hu\\\/wp-content\\\/uploads\\\/2019\\\/10\\\/kodacx-design-uj-logo-512\u00d7512.jpg\",\"width\":512,\"height\":512,\"caption\":\"kodacx\"},\"logo\":{\"@id\":\"https:\\\/\\\/www.kodacx.hu\\\/wp-content\\\/uploads\\\/2019\\\/10\\\/kodacx-design-uj-logo-512\u00d7512.jpg\"},\"description\":\"Kov\u00e1cs D\u00e1niel kodacx, budapesti alkalmazott grafikus vagyok. 2006-ban v\u00e9geztem az \u00d3budai K\u00e9pz\u0151m\u0171v\u00e9szeti Szakk\u00f6z\u00e9pben, Gerhes G\u00e1bor tan\u00edtv\u00e1nyak\u00e9nt. F\u0151bb ter\u00fcleteim: arculat tervez\u00e9s, grafikai tervez\u00e9s, t\u00f6rdel\u00e9s, illusztr\u00e1ci\u00f3k, tudom\u00e1nyos illusztr\u00e1ci\u00f3k, webes alkalmaz\u00e1sok, rekl\u00e1mok, honlapok grafikai anyagainak elk\u00e9sz\u00edt\u00e9se, WP honlapok k\u00e9sz\u00edt\u00e9se \u00e9s \u00e1talak\u00edt\u00e1sa\",\"sameAs\":[\"http:\\\/\\\/kodacx.hu\",\"https:\\\/\\\/www.facebook.com\\\/kodacx\",\"https:\\\/\\\/www.linkedin.com\\\/in\\\/dniel-kovcs-96429016\\\/\"]}]}<\/script>\n<!-- \/ Yoast SEO plugin. -->","yoast_head_json":{"title":"Szellemi tulajdon &#8212; kodacx design","description":"kodacx design - Kov\u00e1cs D\u00e1niel magyar alkalmazott grafikus \/ hungarian graphic designer","robots":{"index":"index","follow":"follow","max-snippet":"max-snippet:-1","max-image-preview":"max-image-preview:large","max-video-preview":"max-video-preview:-1"},"canonical":"https:\/\/www.kodacx.hu\/?page_id=583","og_locale":"hu_HU","og_type":"article","og_title":"Szellemi tulajdon &#8212; kodacx design","og_description":"kodacx design - Kov\u00e1cs D\u00e1niel magyar alkalmazott grafikus \/ hungarian graphic designer","og_url":"https:\/\/www.kodacx.hu\/?page_id=583","og_site_name":"kodacx design","article_publisher":"https:\/\/www.facebook.com\/kodacx","article_modified_time":"2019-03-27T14:00:30+00:00","twitter_card":"summary_large_image","twitter_misc":{"Becs\u00fclt olvas\u00e1si id\u0151":"1 perc"},"schema":{"@context":"https:\/\/schema.org","@graph":[{"@type":"WebPage","@id":"https:\/\/www.kodacx.hu\/?page_id=583","url":"https:\/\/www.kodacx.hu\/?page_id=583","name":"Szellemi tulajdon &#8212; kodacx design","isPartOf":{"@id":"https:\/\/www.kodacx.hu\/#website"},"datePublished":"2019-03-27T11:50:06+00:00","dateModified":"2019-03-27T14:00:30+00:00","description":"kodacx design - Kov\u00e1cs D\u00e1niel magyar alkalmazott grafikus \/ hungarian graphic designer","breadcrumb":{"@id":"https:\/\/www.kodacx.hu\/?page_id=583#breadcrumb"},"inLanguage":"hu","potentialAction":[{"@type":"ReadAction","target":["https:\/\/www.kodacx.hu\/?page_id=583"]}]},{"@type":"BreadcrumbList","@id":"https:\/\/www.kodacx.hu\/?page_id=583#breadcrumb","itemListElement":[{"@type":"ListItem","position":1,"name":"Home","item":"https:\/\/www.kodacx.hu\/"},{"@type":"ListItem","position":2,"name":"Jog- \u00e9s adatv\u00e9delem","item":"https:\/\/www.kodacx.hu\/?page_id=531"},{"@type":"ListItem","position":3,"name":"Szellemi tulajdon"}]},{"@type":"WebSite","@id":"https:\/\/www.kodacx.hu\/#website","url":"https:\/\/www.kodacx.hu\/","name":"kodacx design","description":"Kov\u00e1cs D\u00e1niel &quot;kodacx&quot; alkalmazott grafikus","publisher":{"@id":"https:\/\/www.kodacx.hu\/#\/schema\/person\/3d9b63c6491c0b4ca008cffa6b66b384"},"potentialAction":[{"@type":"SearchAction","target":{"@type":"EntryPoint","urlTemplate":"https:\/\/www.kodacx.hu\/?s={search_term_string}"},"query-input":{"@type":"PropertyValueSpecification","valueRequired":true,"valueName":"search_term_string"}}],"inLanguage":"hu"},{"@type":["Person","Organization"],"@id":"https:\/\/www.kodacx.hu\/#\/schema\/person\/3d9b63c6491c0b4ca008cffa6b66b384","name":"kodacx","image":{"@type":"ImageObject","inLanguage":"hu","@id":"https:\/\/www.kodacx.hu\/wp-content\/uploads\/2019\/10\/kodacx-design-uj-logo-512\u00d7512.jpg","url":"https:\/\/www.kodacx.hu\/wp-content\/uploads\/2019\/10\/kodacx-design-uj-logo-512\u00d7512.jpg","contentUrl":"https:\/\/www.kodacx.hu\/wp-content\/uploads\/2019\/10\/kodacx-design-uj-logo-512\u00d7512.jpg","width":512,"height":512,"caption":"kodacx"},"logo":{"@id":"https:\/\/www.kodacx.hu\/wp-content\/uploads\/2019\/10\/kodacx-design-uj-logo-512\u00d7512.jpg"},"description":"Kov\u00e1cs D\u00e1niel kodacx, budapesti alkalmazott grafikus vagyok. 2006-ban v\u00e9geztem az \u00d3budai K\u00e9pz\u0151m\u0171v\u00e9szeti Szakk\u00f6z\u00e9pben, Gerhes G\u00e1bor tan\u00edtv\u00e1nyak\u00e9nt. F\u0151bb ter\u00fcleteim: arculat tervez\u00e9s, grafikai tervez\u00e9s, t\u00f6rdel\u00e9s, illusztr\u00e1ci\u00f3k, tudom\u00e1nyos illusztr\u00e1ci\u00f3k, webes alkalmaz\u00e1sok, rekl\u00e1mok, honlapok grafikai anyagainak elk\u00e9sz\u00edt\u00e9se, WP honlapok k\u00e9sz\u00edt\u00e9se \u00e9s \u00e1talak\u00edt\u00e1sa","sameAs":["http:\/\/kodacx.hu","https:\/\/www.facebook.com\/kodacx","https:\/\/www.linkedin.com\/in\/dniel-kovcs-96429016\/"]}]}},"_links":{"self":[{"href":"https:\/\/www.kodacx.hu\/index.php?rest_route=\/wp\/v2\/pages\/583","targetHints":{"allow":["GET"]}}],"collection":[{"href":"https:\/\/www.kodacx.hu\/index.php?rest_route=\/wp\/v2\/pages"}],"about":[{"href":"https:\/\/www.kodacx.hu\/index.php?rest_route=\/wp\/v2\/types\/page"}],"author":[{"embeddable":true,"href":"https:\/\/www.kodacx.hu\/index.php?rest_route=\/wp\/v2\/users\/1"}],"replies":[{"embeddable":true,"href":"https:\/\/www.kodacx.hu\/index.php?rest_route=%2Fwp%2Fv2%2Fcomments&post=583"}],"version-history":[{"count":7,"href":"https:\/\/www.kodacx.hu\/index.php?rest_route=\/wp\/v2\/pages\/583\/revisions"}],"predecessor-version":[{"id":593,"href":"https:\/\/www.kodacx.hu\/index.php?rest_route=\/wp\/v2\/pages\/583\/revisions\/593"}],"up":[{"embeddable":true,"href":"https:\/\/www.kodacx.hu\/index.php?rest_route=\/wp\/v2\/pages\/531"}],"wp:attachment":[{"href":"https:\/\/www.kodacx.hu\/index.php?rest_route=%2Fwp%2Fv2%2Fmedia&parent=583"}],"curies":[{"name":"wp","href":"https:\/\/api.w.org\/{rel}","templated":true}]}}