{"id":543,"date":"2018-06-06T18:25:31","date_gmt":"2018-06-06T16:25:31","guid":{"rendered":"https:\/\/www.kodacx.hu\/?page_id=543"},"modified":"2018-06-06T18:25:31","modified_gmt":"2018-06-06T16:25:31","slug":"cookie-k-sutik-kezelese","status":"publish","type":"page","link":"https:\/\/www.kodacx.hu\/?page_id=543","title":{"rendered":"Cookie-k (S\u00fctik) kezel\u00e9se"},"content":{"rendered":"<p>Az \u00e1ltal\u00e1nos elterjedt internetes gyakorlatnak megfelel\u0151en az \u00e9n honlapom is haszn\u00e1l s\u00fctiket (cookie).<br \/>\nA cookie egy kis f\u00e1jl, amely egy sor karaktert tartalmaz, \u00e9s amely akkor ker\u00fcl a l\u00e1togat\u00f3 sz\u00e1m\u00edt\u00f3g\u00e9p\u00e9re, amikor az egy webhelyet keres fel.<br \/>\nAmikor ism\u00e9t felkeresi az adott webhelyet, a cookie-nak k\u00f6sz\u00f6nhet\u0151en a webhely k\u00e9pes felismerni a l\u00e1togat\u00f3 b\u00f6ng\u00e9sz\u0151j\u00e9t.<br \/>\nA cookie-k t\u00e1rolhatnak felhaszn\u00e1l\u00f3i be\u00e1ll\u00edt\u00e1sokat (pl. v\u00e1lasztott nyelv) \u00e9s egy\u00e9b inform\u00e1ci\u00f3kat is. T\u00f6bbek k\u00f6z\u00f6tt inform\u00e1ci\u00f3t gy\u0171jtenek a l\u00e1togat\u00f3r\u00f3l \u00e9s eszk\u00f6z\u00e9r\u0151l, megjegyzik a l\u00e1togat\u00f3 egy\u00e9ni be\u00e1ll\u00edt\u00e1sait, felhaszn\u00e1l\u00e1sra ker\u00fclhetnek pl. az online bev\u00e1s\u00e1rl\u00f3kosarak haszn\u00e1latakor.<br \/>\nA s\u00fctik \u00e1ltal\u00e1noss\u00e1gban megk\u00f6nny\u00edtik a weboldal haszn\u00e1lat\u00e1t, el\u0151seg\u00edtik, hogy a weboldal a felhaszn\u00e1l\u00f3k sz\u00e1m\u00e1ra igazi webes \u00e9lm\u00e9nyt ny\u00fajtson, \u00e9s hat\u00e9kony inform\u00e1ci\u00f3forr\u00e1st jelentsen, tov\u00e1bb\u00e1 biztos\u00edtj\u00e1k a weboldal \u00fczemeltet\u0151je r\u00e9sz\u00e9re az oldal m\u0171k\u00f6d\u00e9s\u00e9nek ellen\u0151rz\u00e9s\u00e9t, vissza\u00e9l\u00e9sek megakad\u00e1lyoz\u00e1s\u00e1t \u00e9s a weboldalon ny\u00fajtott szolg\u00e1ltat\u00e1sok zavartalan \u00e9s megfelel\u0151 sz\u00ednvonal\u00fa biztos\u00edt\u00e1s\u00e1t.<\/p>\n<p>A honlapom a weboldal haszn\u00e1lata sor\u00e1n a l\u00e1togat\u00f3r\u00f3l, illetve az \u00e1ltala b\u00f6ng\u00e9sz\u00e9sre haszn\u00e1lt eszk\u00f6zr\u0151l az al\u00e1bbi adatokat r\u00f6gz\u00edti \u00e9s kezeli:<br \/>\n\u2022 az l\u00e1togat\u00f3 \u00e1ltal haszn\u00e1lt IP c\u00edm,<br \/>\n\u2022 a b\u00f6ng\u00e9sz\u0151 t\u00edpusa,<br \/>\n\u2022 a b\u00f6ng\u00e9sz\u00e9sre haszn\u00e1lt eszk\u00f6z oper\u00e1ci\u00f3s rendszer\u00e9nek jellemz\u0151i (be\u00e1ll\u00edtott nyelv),<br \/>\n\u2022 l\u00e1togat\u00e1s id\u0151pontja,<br \/>\n\u2022 a megl\u00e1togatott (al)oldal, funkci\u00f3 vagy szolg\u00e1ltat\u00e1s.<\/p>\n<p>A s\u00fctik haszn\u00e1lat\u00e1nak elfogad\u00e1sa, enged\u00e9lyez\u00e9se nem k\u00f6telez\u0151. Vissza\u00e1ll\u00edthatja b\u00f6ng\u00e9sz\u0151je be\u00e1ll\u00edt\u00e1sait, hogy az utas\u00edtsa el az \u00f6sszes cookie-t, vagy hogy jelezze, ha a rendszer \u00e9ppen egy cookie-t k\u00fcld. A legt\u00f6bb b\u00f6ng\u00e9sz\u0151 ugyan alap\u00e9rtelmezettk\u00e9nt automatikusan elfogadja a s\u00fctiket, de ezek \u00e1ltal\u00e1ban megv\u00e1ltoztathat\u00f3ak annak \u00e9rdek\u00e9ben, hogy megakad\u00e1lyozhat\u00f3 legyen az automatikus elfogad\u00e1s \u00e9s minden alkalommal felaj\u00e1nlja a v\u00e1laszt\u00e1s lehet\u0151s\u00e9g\u00e9t.<\/p>\n<p>A legn\u00e9pszer\u0171bb b\u00f6ng\u00e9sz\u0151k s\u00fcti be\u00e1ll\u00edt\u00e1sair\u00f3l az al\u00e1bbi linkeken t\u00e1j\u00e9koz\u00f3dhat<br \/>\n\u2022 <a href=\"https:\/\/support.google.com\/accounts\/answer\/61416?hl=hu\">Google Chrome<\/a><br \/>\n\u2022 <a href=\"https:\/\/support.mozilla.org\/hu\/kb\/sutik-engedelyezese-es-tiltasa-amit-weboldak-haszn\">Firefox<\/a><br \/>\n\u2022 <a href=\"http:\/\/windows.microsoft.com\/hu-hu\/internet-explorer\/delete-manage-cookies#ie=ie-11\">Microsoft Internet Explorer 11<\/a><br \/>\n\u2022 <a href=\"http:\/\/windows.microsoft.com\/hu-hu\/internet-explorer\/delete-manage-cookies#ie=ie-10-win-7\">Microsoft Internet Explorer 10<\/a><br \/>\n\u2022 <a href=\"http:\/\/windows.microsoft.com\/hu-hu\/internet-explorer\/delete-manage-cookies#ie=ie-9\">Microsoft Internet Explorer 9<\/a><br \/>\n\u2022 <a href=\"http:\/\/windows.microsoft.com\/hu-hu\/internet-explorer\/delete-manage-cookies#ie=ie-8\">Microsoft Internet Explorer 8<\/a><br \/>\n\u2022 <a href=\"http:\/\/windows.microsoft.com\/hu-hu\/windows-10\/edge-privacy-faq\">Microsoft Edge<\/a><br \/>\n\u2022 <a href=\"https:\/\/support.apple.com\/hu-hu\/HT201265\">Safari<\/a><\/p>\n<p>Mindezek mellett azonban felh\u00edvjuk a figyelmet arra, hogy el\u0151fordulhat, hogy bizonyos webhely funkci\u00f3k vagy szolg\u00e1ltat\u00e1sok nem fognak megfelel\u0151en m\u0171k\u00f6dni cookie-k n\u00e9lk\u00fcl.<\/p>\n<p>A weboldalon haszn\u00e1lt s\u00fctik \u00f6nmagukban nem alkalmasak a felhaszn\u00e1l\u00f3 szem\u00e9ly\u00e9nek beazonos\u00edt\u00e1s\u00e1ra.<\/p>\n","protected":false},"excerpt":{"rendered":"<p>Az \u00e1ltal\u00e1nos elterjedt internetes gyakorlatnak megfelel\u0151en az \u00e9n honlapom is haszn\u00e1l s\u00fctiket (cookie). A cookie egy kis f\u00e1jl, amely egy sor karaktert tartalmaz, \u00e9s amely akkor ker\u00fcl a l\u00e1togat\u00f3 sz\u00e1m\u00edt\u00f3g\u00e9p\u00e9re, amikor az egy webhelyet keres fel. Amikor ism\u00e9t felkeresi az &hellip; <a href=\"https:\/\/www.kodacx.hu\/?page_id=543\">Egy kattint\u00e1s ide a folytat\u00e1shoz&#8230;. <span class=\"meta-nav\">&rarr;<\/span><\/a><\/p>\n","protected":false},"author":1,"featured_media":0,"parent":531,"menu_order":3,"comment_status":"closed","ping_status":"closed","template":"","meta":{"_monsterinsights_skip_tracking":false,"_monsterinsights_sitenote_active":false,"_monsterinsights_sitenote_note":"","_monsterinsights_sitenote_category":0,"footnotes":""},"class_list":["post-543","page","type-page","status-publish","hentry"],"yoast_head":"<!-- This site is optimized with the Yoast SEO plugin v27.5 - https:\/\/yoast.com\/product\/yoast-seo-wordpress\/ -->\n<title>Cookie-k (S\u00fctik) kezel\u00e9se &#8212; kodacx design<\/title>\n<meta name=\"description\" content=\"kodacx design - Kov\u00e1cs D\u00e1niel magyar alkalmazott grafikus \/ hungarian graphic designer\" \/>\n<meta name=\"robots\" content=\"index, follow, max-snippet:-1, max-image-preview:large, max-video-preview:-1\" \/>\n<link rel=\"canonical\" href=\"https:\/\/www.kodacx.hu\/?page_id=543\" \/>\n<meta property=\"og:locale\" content=\"hu_HU\" \/>\n<meta property=\"og:type\" content=\"article\" \/>\n<meta property=\"og:title\" content=\"Cookie-k (S\u00fctik) kezel\u00e9se &#8212; kodacx design\" \/>\n<meta property=\"og:description\" content=\"kodacx design - Kov\u00e1cs D\u00e1niel magyar alkalmazott grafikus \/ hungarian graphic designer\" \/>\n<meta property=\"og:url\" content=\"https:\/\/www.kodacx.hu\/?page_id=543\" \/>\n<meta property=\"og:site_name\" content=\"kodacx design\" \/>\n<meta property=\"article:publisher\" content=\"https:\/\/www.facebook.com\/kodacx\" \/>\n<meta name=\"twitter:card\" content=\"summary_large_image\" \/>\n<meta name=\"twitter:label1\" content=\"Becs\u00fclt olvas\u00e1si id\u0151\" \/>\n\t<meta name=\"twitter:data1\" content=\"2 perc\" \/>\n<script type=\"application\/ld+json\" class=\"yoast-schema-graph\">{\"@context\":\"https:\\\/\\\/schema.org\",\"@graph\":[{\"@type\":\"WebPage\",\"@id\":\"https:\\\/\\\/www.kodacx.hu\\\/?page_id=543\",\"url\":\"https:\\\/\\\/www.kodacx.hu\\\/?page_id=543\",\"name\":\"Cookie-k (S\u00fctik) kezel\u00e9se &#8212; kodacx design\",\"isPartOf\":{\"@id\":\"https:\\\/\\\/www.kodacx.hu\\\/#website\"},\"datePublished\":\"2018-06-06T16:25:31+00:00\",\"description\":\"kodacx design - Kov\u00e1cs D\u00e1niel magyar alkalmazott grafikus \\\/ hungarian graphic designer\",\"breadcrumb\":{\"@id\":\"https:\\\/\\\/www.kodacx.hu\\\/?page_id=543#breadcrumb\"},\"inLanguage\":\"hu\",\"potentialAction\":[{\"@type\":\"ReadAction\",\"target\":[\"https:\\\/\\\/www.kodacx.hu\\\/?page_id=543\"]}]},{\"@type\":\"BreadcrumbList\",\"@id\":\"https:\\\/\\\/www.kodacx.hu\\\/?page_id=543#breadcrumb\",\"itemListElement\":[{\"@type\":\"ListItem\",\"position\":1,\"name\":\"Home\",\"item\":\"https:\\\/\\\/www.kodacx.hu\\\/\"},{\"@type\":\"ListItem\",\"position\":2,\"name\":\"Jog- \u00e9s adatv\u00e9delem\",\"item\":\"https:\\\/\\\/www.kodacx.hu\\\/?page_id=531\"},{\"@type\":\"ListItem\",\"position\":3,\"name\":\"Cookie-k (S\u00fctik) kezel\u00e9se\"}]},{\"@type\":\"WebSite\",\"@id\":\"https:\\\/\\\/www.kodacx.hu\\\/#website\",\"url\":\"https:\\\/\\\/www.kodacx.hu\\\/\",\"name\":\"kodacx design\",\"description\":\"Kov\u00e1cs D\u00e1niel &quot;kodacx&quot; alkalmazott grafikus\",\"publisher\":{\"@id\":\"https:\\\/\\\/www.kodacx.hu\\\/#\\\/schema\\\/person\\\/3d9b63c6491c0b4ca008cffa6b66b384\"},\"potentialAction\":[{\"@type\":\"SearchAction\",\"target\":{\"@type\":\"EntryPoint\",\"urlTemplate\":\"https:\\\/\\\/www.kodacx.hu\\\/?s={search_term_string}\"},\"query-input\":{\"@type\":\"PropertyValueSpecification\",\"valueRequired\":true,\"valueName\":\"search_term_string\"}}],\"inLanguage\":\"hu\"},{\"@type\":[\"Person\",\"Organization\"],\"@id\":\"https:\\\/\\\/www.kodacx.hu\\\/#\\\/schema\\\/person\\\/3d9b63c6491c0b4ca008cffa6b66b384\",\"name\":\"kodacx\",\"image\":{\"@type\":\"ImageObject\",\"inLanguage\":\"hu\",\"@id\":\"https:\\\/\\\/www.kodacx.hu\\\/wp-content\\\/uploads\\\/2019\\\/10\\\/kodacx-design-uj-logo-512\u00d7512.jpg\",\"url\":\"https:\\\/\\\/www.kodacx.hu\\\/wp-content\\\/uploads\\\/2019\\\/10\\\/kodacx-design-uj-logo-512\u00d7512.jpg\",\"contentUrl\":\"https:\\\/\\\/www.kodacx.hu\\\/wp-content\\\/uploads\\\/2019\\\/10\\\/kodacx-design-uj-logo-512\u00d7512.jpg\",\"width\":512,\"height\":512,\"caption\":\"kodacx\"},\"logo\":{\"@id\":\"https:\\\/\\\/www.kodacx.hu\\\/wp-content\\\/uploads\\\/2019\\\/10\\\/kodacx-design-uj-logo-512\u00d7512.jpg\"},\"description\":\"Kov\u00e1cs D\u00e1niel kodacx, budapesti alkalmazott grafikus vagyok. 2006-ban v\u00e9geztem az \u00d3budai K\u00e9pz\u0151m\u0171v\u00e9szeti Szakk\u00f6z\u00e9pben, Gerhes G\u00e1bor tan\u00edtv\u00e1nyak\u00e9nt. F\u0151bb ter\u00fcleteim: arculat tervez\u00e9s, grafikai tervez\u00e9s, t\u00f6rdel\u00e9s, illusztr\u00e1ci\u00f3k, tudom\u00e1nyos illusztr\u00e1ci\u00f3k, webes alkalmaz\u00e1sok, rekl\u00e1mok, honlapok grafikai anyagainak elk\u00e9sz\u00edt\u00e9se, WP honlapok k\u00e9sz\u00edt\u00e9se \u00e9s \u00e1talak\u00edt\u00e1sa\",\"sameAs\":[\"http:\\\/\\\/kodacx.hu\",\"https:\\\/\\\/www.facebook.com\\\/kodacx\",\"https:\\\/\\\/www.linkedin.com\\\/in\\\/dniel-kovcs-96429016\\\/\"]}]}<\/script>\n<!-- \/ Yoast SEO plugin. -->","yoast_head_json":{"title":"Cookie-k (S\u00fctik) kezel\u00e9se &#8212; kodacx design","description":"kodacx design - Kov\u00e1cs D\u00e1niel magyar alkalmazott grafikus \/ hungarian graphic designer","robots":{"index":"index","follow":"follow","max-snippet":"max-snippet:-1","max-image-preview":"max-image-preview:large","max-video-preview":"max-video-preview:-1"},"canonical":"https:\/\/www.kodacx.hu\/?page_id=543","og_locale":"hu_HU","og_type":"article","og_title":"Cookie-k (S\u00fctik) kezel\u00e9se &#8212; kodacx design","og_description":"kodacx design - Kov\u00e1cs D\u00e1niel magyar alkalmazott grafikus \/ hungarian graphic designer","og_url":"https:\/\/www.kodacx.hu\/?page_id=543","og_site_name":"kodacx design","article_publisher":"https:\/\/www.facebook.com\/kodacx","twitter_card":"summary_large_image","twitter_misc":{"Becs\u00fclt olvas\u00e1si id\u0151":"2 perc"},"schema":{"@context":"https:\/\/schema.org","@graph":[{"@type":"WebPage","@id":"https:\/\/www.kodacx.hu\/?page_id=543","url":"https:\/\/www.kodacx.hu\/?page_id=543","name":"Cookie-k (S\u00fctik) kezel\u00e9se &#8212; kodacx design","isPartOf":{"@id":"https:\/\/www.kodacx.hu\/#website"},"datePublished":"2018-06-06T16:25:31+00:00","description":"kodacx design - Kov\u00e1cs D\u00e1niel magyar alkalmazott grafikus \/ hungarian graphic designer","breadcrumb":{"@id":"https:\/\/www.kodacx.hu\/?page_id=543#breadcrumb"},"inLanguage":"hu","potentialAction":[{"@type":"ReadAction","target":["https:\/\/www.kodacx.hu\/?page_id=543"]}]},{"@type":"BreadcrumbList","@id":"https:\/\/www.kodacx.hu\/?page_id=543#breadcrumb","itemListElement":[{"@type":"ListItem","position":1,"name":"Home","item":"https:\/\/www.kodacx.hu\/"},{"@type":"ListItem","position":2,"name":"Jog- \u00e9s adatv\u00e9delem","item":"https:\/\/www.kodacx.hu\/?page_id=531"},{"@type":"ListItem","position":3,"name":"Cookie-k (S\u00fctik) kezel\u00e9se"}]},{"@type":"WebSite","@id":"https:\/\/www.kodacx.hu\/#website","url":"https:\/\/www.kodacx.hu\/","name":"kodacx design","description":"Kov\u00e1cs D\u00e1niel &quot;kodacx&quot; alkalmazott grafikus","publisher":{"@id":"https:\/\/www.kodacx.hu\/#\/schema\/person\/3d9b63c6491c0b4ca008cffa6b66b384"},"potentialAction":[{"@type":"SearchAction","target":{"@type":"EntryPoint","urlTemplate":"https:\/\/www.kodacx.hu\/?s={search_term_string}"},"query-input":{"@type":"PropertyValueSpecification","valueRequired":true,"valueName":"search_term_string"}}],"inLanguage":"hu"},{"@type":["Person","Organization"],"@id":"https:\/\/www.kodacx.hu\/#\/schema\/person\/3d9b63c6491c0b4ca008cffa6b66b384","name":"kodacx","image":{"@type":"ImageObject","inLanguage":"hu","@id":"https:\/\/www.kodacx.hu\/wp-content\/uploads\/2019\/10\/kodacx-design-uj-logo-512\u00d7512.jpg","url":"https:\/\/www.kodacx.hu\/wp-content\/uploads\/2019\/10\/kodacx-design-uj-logo-512\u00d7512.jpg","contentUrl":"https:\/\/www.kodacx.hu\/wp-content\/uploads\/2019\/10\/kodacx-design-uj-logo-512\u00d7512.jpg","width":512,"height":512,"caption":"kodacx"},"logo":{"@id":"https:\/\/www.kodacx.hu\/wp-content\/uploads\/2019\/10\/kodacx-design-uj-logo-512\u00d7512.jpg"},"description":"Kov\u00e1cs D\u00e1niel kodacx, budapesti alkalmazott grafikus vagyok. 2006-ban v\u00e9geztem az \u00d3budai K\u00e9pz\u0151m\u0171v\u00e9szeti Szakk\u00f6z\u00e9pben, Gerhes G\u00e1bor tan\u00edtv\u00e1nyak\u00e9nt. F\u0151bb ter\u00fcleteim: arculat tervez\u00e9s, grafikai tervez\u00e9s, t\u00f6rdel\u00e9s, illusztr\u00e1ci\u00f3k, tudom\u00e1nyos illusztr\u00e1ci\u00f3k, webes alkalmaz\u00e1sok, rekl\u00e1mok, honlapok grafikai anyagainak elk\u00e9sz\u00edt\u00e9se, WP honlapok k\u00e9sz\u00edt\u00e9se \u00e9s \u00e1talak\u00edt\u00e1sa","sameAs":["http:\/\/kodacx.hu","https:\/\/www.facebook.com\/kodacx","https:\/\/www.linkedin.com\/in\/dniel-kovcs-96429016\/"]}]}},"_links":{"self":[{"href":"https:\/\/www.kodacx.hu\/index.php?rest_route=\/wp\/v2\/pages\/543","targetHints":{"allow":["GET"]}}],"collection":[{"href":"https:\/\/www.kodacx.hu\/index.php?rest_route=\/wp\/v2\/pages"}],"about":[{"href":"https:\/\/www.kodacx.hu\/index.php?rest_route=\/wp\/v2\/types\/page"}],"author":[{"embeddable":true,"href":"https:\/\/www.kodacx.hu\/index.php?rest_route=\/wp\/v2\/users\/1"}],"replies":[{"embeddable":true,"href":"https:\/\/www.kodacx.hu\/index.php?rest_route=%2Fwp%2Fv2%2Fcomments&post=543"}],"version-history":[{"count":1,"href":"https:\/\/www.kodacx.hu\/index.php?rest_route=\/wp\/v2\/pages\/543\/revisions"}],"predecessor-version":[{"id":544,"href":"https:\/\/www.kodacx.hu\/index.php?rest_route=\/wp\/v2\/pages\/543\/revisions\/544"}],"up":[{"embeddable":true,"href":"https:\/\/www.kodacx.hu\/index.php?rest_route=\/wp\/v2\/pages\/531"}],"wp:attachment":[{"href":"https:\/\/www.kodacx.hu\/index.php?rest_route=%2Fwp%2Fv2%2Fmedia&parent=543"}],"curies":[{"name":"wp","href":"https:\/\/api.w.org\/{rel}","templated":true}]}}