{"id":531,"date":"2018-05-24T11:24:08","date_gmt":"2018-05-24T09:24:08","guid":{"rendered":"https:\/\/www.kodacx.hu\/?page_id=531"},"modified":"2019-03-27T14:51:29","modified_gmt":"2019-03-27T13:51:29","slug":"adatvedelem","status":"publish","type":"page","link":"https:\/\/www.kodacx.hu\/?page_id=531","title":{"rendered":"Jog- \u00e9s adatv\u00e9delem"},"content":{"rendered":"<h2>Adatv\u00e9delem<\/h2>\n<p>Munk\u00e1m sor\u00e1n olykor c\u00e9ges \u00e9s szem\u00e9lyes adatokkal is egyar\u00e1nt dolgozom. Ez\u00e9rt mint egy\u00e9ni v\u00e1llalkoz\u00f3 \u00e9s mint mag\u00e1nszem\u00e9ly r\u00e1m is vonatkozik a<br \/>\n2018. m\u00e1jus 25-t\u0151l \u00e9letbe l\u00e9p\u0151 GDPR (<em>General Data Protection Regulation)<\/em>, azaz \u00c1ltal\u00e1nos Adatv\u00e9delmi Rendelet (EU 2016\/679).<br \/>\nEz\u00e9rt itt olvashatja el a honlappal \u00e9s a munkav\u00e9gz\u00e9semmel kapcsolatos <a href=\"https:\/\/www.kodacx.hu\/?page_id=546\" target=\"_blank\" rel=\"noopener\">Adatkezel\u00e9si T\u00e1j\u00e9koztat\u00f3t<\/a>!<\/p>\n<p>&nbsp;<\/p>\n<h2>Szellemi tulajdon v\u00e9delme<a id=\"szellemitulajdon\"><\/a><\/h2>\n<p>Az oldalon \u00e9s a gal\u00e9ri\u00e1kban szerepl\u0151 k\u00e9pek, mint\u00e1k \u00e9s m\u0171vek a honlap tulajdonos\u00e1nak, Kov\u00e1cs D\u00e1niel alkalmazott grafikusnak a szellemi tulajdon\u00e1t k\u00e9pezik, szerz\u0151i jogv\u00e9delem alatt \u00e1llnak. Felhaszn\u00e1l\u00e1si joguk adott esetben a megrendel\u0151k\u00e9.<br \/>\nAzok b\u00e1rmif\u00e9le, az alkot\u00f3 \u00edr\u00e1sos enged\u00e9ly n\u00e9lk\u00fcli felhaszn\u00e1l\u00e1sa, \u00e1talak\u00edt\u00e1sa, m\u00e1s f\u00f3rumon val\u00f3 szerepeltet\u00e9se, saj\u00e1tk\u00e9nt val\u00f3 felt\u00fcntet\u00e9se tilos \u00e9s jogi l\u00e9p\u00e9seket von maga ut\u00e1n!<\/p>\n<p>A szellemi tulajdonra vonatkoz\u00f3 jogszab\u00e1lyokat <a href=\"https:\/\/www.kodacx.hu\/?page_id=583#szellemitulajdon\" target=\"_blank\" rel=\"noopener\">ezen a linken<\/a> \u00e9rheti el!<\/p>\n","protected":false},"excerpt":{"rendered":"<p>Adatv\u00e9delem Munk\u00e1m sor\u00e1n olykor c\u00e9ges \u00e9s szem\u00e9lyes adatokkal is egyar\u00e1nt dolgozom. Ez\u00e9rt mint egy\u00e9ni v\u00e1llalkoz\u00f3 \u00e9s mint mag\u00e1nszem\u00e9ly r\u00e1m is vonatkozik a 2018. m\u00e1jus 25-t\u0151l \u00e9letbe l\u00e9p\u0151 GDPR (General Data Protection Regulation), azaz \u00c1ltal\u00e1nos Adatv\u00e9delmi Rendelet (EU 2016\/679). Ez\u00e9rt itt &hellip; <a href=\"https:\/\/www.kodacx.hu\/?page_id=531\">Egy kattint\u00e1s ide a folytat\u00e1shoz&#8230;. <span class=\"meta-nav\">&rarr;<\/span><\/a><\/p>\n","protected":false},"author":1,"featured_media":0,"parent":0,"menu_order":0,"comment_status":"closed","ping_status":"closed","template":"","meta":{"_monsterinsights_skip_tracking":false,"_monsterinsights_sitenote_active":false,"_monsterinsights_sitenote_note":"","_monsterinsights_sitenote_category":0,"footnotes":""},"class_list":["post-531","page","type-page","status-publish","hentry"],"yoast_head":"<!-- This site is optimized with the Yoast SEO plugin v27.5 - https:\/\/yoast.com\/product\/yoast-seo-wordpress\/ -->\n<title>Jog- \u00e9s adatv\u00e9delem &#8212; kodacx design<\/title>\n<meta name=\"description\" content=\"kodacx design - Kov\u00e1cs D\u00e1niel magyar alkalmazott grafikus \/ hungarian graphic designer\" \/>\n<meta name=\"robots\" content=\"index, follow, max-snippet:-1, max-image-preview:large, max-video-preview:-1\" \/>\n<link rel=\"canonical\" href=\"https:\/\/www.kodacx.hu\/?page_id=531\" \/>\n<meta property=\"og:locale\" content=\"hu_HU\" \/>\n<meta property=\"og:type\" content=\"article\" \/>\n<meta property=\"og:title\" content=\"Jog- \u00e9s adatv\u00e9delem &#8212; kodacx design\" \/>\n<meta property=\"og:description\" content=\"kodacx design - Kov\u00e1cs D\u00e1niel magyar alkalmazott grafikus \/ hungarian graphic designer\" \/>\n<meta property=\"og:url\" content=\"https:\/\/www.kodacx.hu\/?page_id=531\" \/>\n<meta property=\"og:site_name\" content=\"kodacx design\" \/>\n<meta property=\"article:publisher\" content=\"https:\/\/www.facebook.com\/kodacx\" \/>\n<meta property=\"article:modified_time\" content=\"2019-03-27T13:51:29+00:00\" \/>\n<meta name=\"twitter:card\" content=\"summary_large_image\" \/>\n<meta name=\"twitter:label1\" content=\"Becs\u00fclt olvas\u00e1si id\u0151\" \/>\n\t<meta name=\"twitter:data1\" content=\"1 perc\" \/>\n<script type=\"application\/ld+json\" class=\"yoast-schema-graph\">{\"@context\":\"https:\\\/\\\/schema.org\",\"@graph\":[{\"@type\":\"WebPage\",\"@id\":\"https:\\\/\\\/www.kodacx.hu\\\/?page_id=531\",\"url\":\"https:\\\/\\\/www.kodacx.hu\\\/?page_id=531\",\"name\":\"Jog- \u00e9s adatv\u00e9delem &#8212; kodacx design\",\"isPartOf\":{\"@id\":\"https:\\\/\\\/www.kodacx.hu\\\/#website\"},\"datePublished\":\"2018-05-24T09:24:08+00:00\",\"dateModified\":\"2019-03-27T13:51:29+00:00\",\"description\":\"kodacx design - Kov\u00e1cs D\u00e1niel magyar alkalmazott grafikus \\\/ hungarian graphic designer\",\"breadcrumb\":{\"@id\":\"https:\\\/\\\/www.kodacx.hu\\\/?page_id=531#breadcrumb\"},\"inLanguage\":\"hu\",\"potentialAction\":[{\"@type\":\"ReadAction\",\"target\":[\"https:\\\/\\\/www.kodacx.hu\\\/?page_id=531\"]}]},{\"@type\":\"BreadcrumbList\",\"@id\":\"https:\\\/\\\/www.kodacx.hu\\\/?page_id=531#breadcrumb\",\"itemListElement\":[{\"@type\":\"ListItem\",\"position\":1,\"name\":\"Home\",\"item\":\"https:\\\/\\\/www.kodacx.hu\\\/\"},{\"@type\":\"ListItem\",\"position\":2,\"name\":\"Jog- \u00e9s adatv\u00e9delem\"}]},{\"@type\":\"WebSite\",\"@id\":\"https:\\\/\\\/www.kodacx.hu\\\/#website\",\"url\":\"https:\\\/\\\/www.kodacx.hu\\\/\",\"name\":\"kodacx design\",\"description\":\"Kov\u00e1cs D\u00e1niel &quot;kodacx&quot; alkalmazott grafikus\",\"publisher\":{\"@id\":\"https:\\\/\\\/www.kodacx.hu\\\/#\\\/schema\\\/person\\\/3d9b63c6491c0b4ca008cffa6b66b384\"},\"potentialAction\":[{\"@type\":\"SearchAction\",\"target\":{\"@type\":\"EntryPoint\",\"urlTemplate\":\"https:\\\/\\\/www.kodacx.hu\\\/?s={search_term_string}\"},\"query-input\":{\"@type\":\"PropertyValueSpecification\",\"valueRequired\":true,\"valueName\":\"search_term_string\"}}],\"inLanguage\":\"hu\"},{\"@type\":[\"Person\",\"Organization\"],\"@id\":\"https:\\\/\\\/www.kodacx.hu\\\/#\\\/schema\\\/person\\\/3d9b63c6491c0b4ca008cffa6b66b384\",\"name\":\"kodacx\",\"image\":{\"@type\":\"ImageObject\",\"inLanguage\":\"hu\",\"@id\":\"https:\\\/\\\/www.kodacx.hu\\\/wp-content\\\/uploads\\\/2019\\\/10\\\/kodacx-design-uj-logo-512\u00d7512.jpg\",\"url\":\"https:\\\/\\\/www.kodacx.hu\\\/wp-content\\\/uploads\\\/2019\\\/10\\\/kodacx-design-uj-logo-512\u00d7512.jpg\",\"contentUrl\":\"https:\\\/\\\/www.kodacx.hu\\\/wp-content\\\/uploads\\\/2019\\\/10\\\/kodacx-design-uj-logo-512\u00d7512.jpg\",\"width\":512,\"height\":512,\"caption\":\"kodacx\"},\"logo\":{\"@id\":\"https:\\\/\\\/www.kodacx.hu\\\/wp-content\\\/uploads\\\/2019\\\/10\\\/kodacx-design-uj-logo-512\u00d7512.jpg\"},\"description\":\"Kov\u00e1cs D\u00e1niel kodacx, budapesti alkalmazott grafikus vagyok. 2006-ban v\u00e9geztem az \u00d3budai K\u00e9pz\u0151m\u0171v\u00e9szeti Szakk\u00f6z\u00e9pben, Gerhes G\u00e1bor tan\u00edtv\u00e1nyak\u00e9nt. F\u0151bb ter\u00fcleteim: arculat tervez\u00e9s, grafikai tervez\u00e9s, t\u00f6rdel\u00e9s, illusztr\u00e1ci\u00f3k, tudom\u00e1nyos illusztr\u00e1ci\u00f3k, webes alkalmaz\u00e1sok, rekl\u00e1mok, honlapok grafikai anyagainak elk\u00e9sz\u00edt\u00e9se, WP honlapok k\u00e9sz\u00edt\u00e9se \u00e9s \u00e1talak\u00edt\u00e1sa\",\"sameAs\":[\"http:\\\/\\\/kodacx.hu\",\"https:\\\/\\\/www.facebook.com\\\/kodacx\",\"https:\\\/\\\/www.linkedin.com\\\/in\\\/dniel-kovcs-96429016\\\/\"]}]}<\/script>\n<!-- \/ Yoast SEO plugin. -->","yoast_head_json":{"title":"Jog- \u00e9s adatv\u00e9delem &#8212; kodacx design","description":"kodacx design - Kov\u00e1cs D\u00e1niel magyar alkalmazott grafikus \/ hungarian graphic designer","robots":{"index":"index","follow":"follow","max-snippet":"max-snippet:-1","max-image-preview":"max-image-preview:large","max-video-preview":"max-video-preview:-1"},"canonical":"https:\/\/www.kodacx.hu\/?page_id=531","og_locale":"hu_HU","og_type":"article","og_title":"Jog- \u00e9s adatv\u00e9delem &#8212; kodacx design","og_description":"kodacx design - Kov\u00e1cs D\u00e1niel magyar alkalmazott grafikus \/ hungarian graphic designer","og_url":"https:\/\/www.kodacx.hu\/?page_id=531","og_site_name":"kodacx design","article_publisher":"https:\/\/www.facebook.com\/kodacx","article_modified_time":"2019-03-27T13:51:29+00:00","twitter_card":"summary_large_image","twitter_misc":{"Becs\u00fclt olvas\u00e1si id\u0151":"1 perc"},"schema":{"@context":"https:\/\/schema.org","@graph":[{"@type":"WebPage","@id":"https:\/\/www.kodacx.hu\/?page_id=531","url":"https:\/\/www.kodacx.hu\/?page_id=531","name":"Jog- \u00e9s adatv\u00e9delem &#8212; kodacx design","isPartOf":{"@id":"https:\/\/www.kodacx.hu\/#website"},"datePublished":"2018-05-24T09:24:08+00:00","dateModified":"2019-03-27T13:51:29+00:00","description":"kodacx design - Kov\u00e1cs D\u00e1niel magyar alkalmazott grafikus \/ hungarian graphic designer","breadcrumb":{"@id":"https:\/\/www.kodacx.hu\/?page_id=531#breadcrumb"},"inLanguage":"hu","potentialAction":[{"@type":"ReadAction","target":["https:\/\/www.kodacx.hu\/?page_id=531"]}]},{"@type":"BreadcrumbList","@id":"https:\/\/www.kodacx.hu\/?page_id=531#breadcrumb","itemListElement":[{"@type":"ListItem","position":1,"name":"Home","item":"https:\/\/www.kodacx.hu\/"},{"@type":"ListItem","position":2,"name":"Jog- \u00e9s adatv\u00e9delem"}]},{"@type":"WebSite","@id":"https:\/\/www.kodacx.hu\/#website","url":"https:\/\/www.kodacx.hu\/","name":"kodacx design","description":"Kov\u00e1cs D\u00e1niel &quot;kodacx&quot; alkalmazott grafikus","publisher":{"@id":"https:\/\/www.kodacx.hu\/#\/schema\/person\/3d9b63c6491c0b4ca008cffa6b66b384"},"potentialAction":[{"@type":"SearchAction","target":{"@type":"EntryPoint","urlTemplate":"https:\/\/www.kodacx.hu\/?s={search_term_string}"},"query-input":{"@type":"PropertyValueSpecification","valueRequired":true,"valueName":"search_term_string"}}],"inLanguage":"hu"},{"@type":["Person","Organization"],"@id":"https:\/\/www.kodacx.hu\/#\/schema\/person\/3d9b63c6491c0b4ca008cffa6b66b384","name":"kodacx","image":{"@type":"ImageObject","inLanguage":"hu","@id":"https:\/\/www.kodacx.hu\/wp-content\/uploads\/2019\/10\/kodacx-design-uj-logo-512\u00d7512.jpg","url":"https:\/\/www.kodacx.hu\/wp-content\/uploads\/2019\/10\/kodacx-design-uj-logo-512\u00d7512.jpg","contentUrl":"https:\/\/www.kodacx.hu\/wp-content\/uploads\/2019\/10\/kodacx-design-uj-logo-512\u00d7512.jpg","width":512,"height":512,"caption":"kodacx"},"logo":{"@id":"https:\/\/www.kodacx.hu\/wp-content\/uploads\/2019\/10\/kodacx-design-uj-logo-512\u00d7512.jpg"},"description":"Kov\u00e1cs D\u00e1niel kodacx, budapesti alkalmazott grafikus vagyok. 2006-ban v\u00e9geztem az \u00d3budai K\u00e9pz\u0151m\u0171v\u00e9szeti Szakk\u00f6z\u00e9pben, Gerhes G\u00e1bor tan\u00edtv\u00e1nyak\u00e9nt. F\u0151bb ter\u00fcleteim: arculat tervez\u00e9s, grafikai tervez\u00e9s, t\u00f6rdel\u00e9s, illusztr\u00e1ci\u00f3k, tudom\u00e1nyos illusztr\u00e1ci\u00f3k, webes alkalmaz\u00e1sok, rekl\u00e1mok, honlapok grafikai anyagainak elk\u00e9sz\u00edt\u00e9se, WP honlapok k\u00e9sz\u00edt\u00e9se \u00e9s \u00e1talak\u00edt\u00e1sa","sameAs":["http:\/\/kodacx.hu","https:\/\/www.facebook.com\/kodacx","https:\/\/www.linkedin.com\/in\/dniel-kovcs-96429016\/"]}]}},"_links":{"self":[{"href":"https:\/\/www.kodacx.hu\/index.php?rest_route=\/wp\/v2\/pages\/531","targetHints":{"allow":["GET"]}}],"collection":[{"href":"https:\/\/www.kodacx.hu\/index.php?rest_route=\/wp\/v2\/pages"}],"about":[{"href":"https:\/\/www.kodacx.hu\/index.php?rest_route=\/wp\/v2\/types\/page"}],"author":[{"embeddable":true,"href":"https:\/\/www.kodacx.hu\/index.php?rest_route=\/wp\/v2\/users\/1"}],"replies":[{"embeddable":true,"href":"https:\/\/www.kodacx.hu\/index.php?rest_route=%2Fwp%2Fv2%2Fcomments&post=531"}],"version-history":[{"count":6,"href":"https:\/\/www.kodacx.hu\/index.php?rest_route=\/wp\/v2\/pages\/531\/revisions"}],"predecessor-version":[{"id":591,"href":"https:\/\/www.kodacx.hu\/index.php?rest_route=\/wp\/v2\/pages\/531\/revisions\/591"}],"wp:attachment":[{"href":"https:\/\/www.kodacx.hu\/index.php?rest_route=%2Fwp%2Fv2%2Fmedia&parent=531"}],"curies":[{"name":"wp","href":"https:\/\/api.w.org\/{rel}","templated":true}]}}