{"id":21,"date":"2013-04-13T11:34:38","date_gmt":"2013-04-13T09:34:38","guid":{"rendered":"http:\/\/kodacx.kovacspeter.net\/?page_id=21"},"modified":"2018-05-16T14:19:51","modified_gmt":"2018-05-16T12:19:51","slug":"miket-csinalok","status":"publish","type":"page","link":"https:\/\/www.kodacx.hu\/?page_id=21","title":{"rendered":"MIT CSIN\u00c1LOK?"},"content":{"rendered":"<h2>Mit is csin\u00e1lok?<\/h2>\n<p><a href=\"#mitcsinalok_logo\">Logo, piktogram, embl\u00e9ma tervez\u00e9se, megl\u00e9v\u0151 vektoriz\u00e1l\u00e1sa<\/a><br \/>\n<a href=\"#mitcsinalok_nevjegy\">N\u00e9vjegyk\u00e1rtya, Ex Libris, Monogram<\/a><br \/>\n<a href=\"#mitcsinalok_arculat\">Arculat<\/a><br \/>\n<a href=\"#mitcsinalok_ajandek\">K\u00e9peslapok, \u00fcdv\u00f6zl\u0151lapok, megh\u00edv\u00f3k, \u00e9kszerv\u00e9set, aj\u00e1nd\u00e9kt\u00e1rgy grafika<\/a><br \/>\n<a href=\"#mitcsinalok_portre\">Rajz, portr\u00e9, karikat\u00fara<\/a><br \/>\n<a href=\"#mitcsinalok_retus\">Digit\u00e1lis retus\u00e1l\u00e1s, finom retus\u00e1l\u00e1s<\/a><br \/>\n<a href=\"#mitcsinalok_belyegzo\">B\u00e9lyegz\u0151, pecs\u00e9t tervez\u00e9se legy\u00e1rtat\u00e1sa<\/a><br \/>\n<a href=\"#mitcsinalok_tudomanyos\">Tudom\u00e1nyos cikkek, diplomamunk\u00e1k, poszterek, oktat\u00f3 anyagok, prezent\u00e1ci\u00f3k t\u00f6rdel\u00e9se, k\u00e9panyagainak, illusztr\u00e1ci\u00f3inak elk\u00e9sz\u00edt\u00e9se, retus\u00e1l\u00e1sa<\/a><br \/>\n<a href=\"#mitcsinalok_poszter\">Poszter, plak\u00e1t,\u00a0transzparens, z\u00e1szl\u00f3, oktat\u00f3t\u00e1bla tervez\u00e9se, gy\u00e1rtat\u00e1sa<\/a><br \/>\n<a href=\"#mitcsinalok_flyer\">Flyerek, t\u00f6bb oldalas prospektusok tervez\u00e9se, t\u00f6rdel\u00e9se<\/a><br \/>\n<a href=\"#mitcsinalok_tordeles\">Nyomdai el\u0151k\u00e9sz\u00edt\u00e9s, t\u00f6rdel\u00e9s<\/a><br \/>\n<a href=\"#mitcsinalok_diploma\">Oklevelek, diplom\u00e1k<\/a><br \/>\n<a href=\"#mitcsinalok_illusztracio\">K\u00f6nyvillusztr\u00e1ci\u00f3<\/a><br \/>\n<a href=\"#mitcsinalok_web\">Webes applik\u00e1ci\u00f3k, honlapok grafikai anyagai, WP honlapok perszonaliz\u00e1l\u00e1sa<\/a><br \/>\n<a href=\"#mitcsinalok_video\">Vide\u00f3k v\u00e1g\u00e1sa, \u00f6ssze\u00e1ll\u00edt\u00e1sa<\/a><\/p>\n<hr \/>\n<h3 id=\"mitcsinalok_logo\">Logo, piktogram, embl\u00e9ma tervez\u00e9se, megl\u00e9v\u0151 vektoriz\u00e1l\u00e1sa<\/h3>\n<p>LOGO terveztet\u00e9sekor a k\u00f6vetkez\u0151kre figyelj\u00fcnk oda, illetve a k\u00f6vetkez\u0151 inform\u00e1ci\u00f3kra van, lehet sz\u00fcks\u00e9gem:<\/p>\n<p>&nbsp;<\/p>\n<p>&nbsp;<\/p>\n<h3 id=\"mitcsinalok_nevjegy\">N\u00e9vjegyk\u00e1rtya, k\u00e9peslapok, \u00fcdv\u00f6zl\u0151lapok, megh\u00edv\u00f3k<\/h3>\n<p>&nbsp;<\/p>\n<h3 id=\"mitcsinalok_arculat\">Arculat<\/h3>\n<p>&nbsp;<\/p>\n<h3 id=\"mitcsinalok_ajandek\">K\u00e9peslapok, \u00fcdv\u00f6zl\u0151lapok, megh\u00edv\u00f3k, \u00e9kszerv\u00e9set, aj\u00e1nd\u00e9kt\u00e1rgy grafika<\/h3>\n<p>&nbsp;<\/p>\n<h3 id=\"mitcsinalok_portre\">Rajz, Portr\u00e9, karikat\u00fara<\/h3>\n<p>&nbsp;<\/p>\n<h3 id=\"mitcsinalok_retus\">Digit\u00e1lis\u00a0retus\u00e1l\u00e1s, finom retus\u00e1l\u00e1s<\/h3>\n<p>&nbsp;<\/p>\n<h3 id=\"mitcsinalok_belyegzo\">B\u00e9lyegz\u0151, pecs\u00e9t tervez\u00e9se legy\u00e1rtat\u00e1sa<\/h3>\n<p>&nbsp;<\/p>\n<h3 id=\"mitcsinalok_tudomanyos\">Tudom\u00e1nyos cikkek, diplomamunk\u00e1k, poszterek, oktat\u00f3 anyagok, prezent\u00e1ci\u00f3k t\u00f6rdel\u00e9se, k\u00e9panyagainak, illusztr\u00e1ci\u00f3inak elk\u00e9sz\u00edt\u00e9se, retus\u00e1l\u00e1sa<\/h3>\n<p>&nbsp;<\/p>\n<h3 id=\"mitcsinalok_poszter\">Poszter, plak\u00e1t,\u00a0transzparens, z\u00e1szl\u00f3, oktat\u00f3t\u00e1bla tervez\u00e9se, gy\u00e1rtat\u00e1sa<\/h3>\n<p>&nbsp;<\/p>\n<h3 id=\"mitcsinalok_flyer\">Flyerek, t\u00f6bb oldalas prospektusok tervez\u00e9se, t\u00f6rdel\u00e9se<\/h3>\n<p>&nbsp;<\/p>\n<h3 id=\"mitcsinalok_tordeles\">Nyomdai el\u0151k\u00e9sz\u00edt\u00e9s, t\u00f6rdel\u00e9s<\/h3>\n<p>&nbsp;<\/p>\n<h3 id=\"mitcsinalok_diploma\">Oklevelek, diplom\u00e1k<\/h3>\n<p>&nbsp;<\/p>\n<h3 id=\"mitcsinalok_illusztracio\">K\u00f6nyvillusztr\u00e1ci\u00f3<\/h3>\n<p>&nbsp;<\/p>\n<h3 id=\"mitcsinalok_web\">Webes applik\u00e1ci\u00f3k, honlapok grafikai anyagai, WP honlapok perszonaliz\u00e1l\u00e1sa<\/h3>\n<p>&nbsp;<\/p>\n<h3 id=\"mitcsinalok_video\">Vide\u00f3k v\u00e1g\u00e1sa, \u00f6ssze\u00e1ll\u00edt\u00e1sa<\/h3>\n<p>&nbsp;<\/p>\n<p>&nbsp;<\/p>\n","protected":false},"excerpt":{"rendered":"<p>Mit is csin\u00e1lok? Logo, piktogram, embl\u00e9ma tervez\u00e9se, megl\u00e9v\u0151 vektoriz\u00e1l\u00e1sa N\u00e9vjegyk\u00e1rtya, Ex Libris, Monogram Arculat K\u00e9peslapok, \u00fcdv\u00f6zl\u0151lapok, megh\u00edv\u00f3k, \u00e9kszerv\u00e9set, aj\u00e1nd\u00e9kt\u00e1rgy grafika Rajz, portr\u00e9, karikat\u00fara Digit\u00e1lis retus\u00e1l\u00e1s, finom retus\u00e1l\u00e1s B\u00e9lyegz\u0151, pecs\u00e9t tervez\u00e9se legy\u00e1rtat\u00e1sa Tudom\u00e1nyos cikkek, diplomamunk\u00e1k, poszterek, oktat\u00f3 anyagok, prezent\u00e1ci\u00f3k t\u00f6rdel\u00e9se, k\u00e9panyagainak, &hellip; <a href=\"https:\/\/www.kodacx.hu\/?page_id=21\">Egy kattint\u00e1s ide a folytat\u00e1shoz&#8230;. <span class=\"meta-nav\">&rarr;<\/span><\/a><\/p>\n","protected":false},"author":1,"featured_media":0,"parent":0,"menu_order":3,"comment_status":"closed","ping_status":"closed","template":"showcase.php","meta":{"_monsterinsights_skip_tracking":false,"_monsterinsights_sitenote_active":false,"_monsterinsights_sitenote_note":"","_monsterinsights_sitenote_category":0,"footnotes":""},"class_list":["post-21","page","type-page","status-publish","hentry"],"yoast_head":"<!-- This site is optimized with the Yoast SEO plugin v27.5 - https:\/\/yoast.com\/product\/yoast-seo-wordpress\/ -->\n<title>MIT CSIN\u00c1LOK? &#8212; kodacx design<\/title>\n<meta name=\"description\" content=\"kodacx design - Kov\u00e1cs D\u00e1niel magyar alkalmazott grafikus \/ hungarian graphic designer\" \/>\n<meta name=\"robots\" content=\"index, follow, max-snippet:-1, max-image-preview:large, max-video-preview:-1\" \/>\n<link rel=\"canonical\" href=\"https:\/\/www.kodacx.hu\/?page_id=21\" \/>\n<meta property=\"og:locale\" content=\"hu_HU\" \/>\n<meta property=\"og:type\" content=\"article\" \/>\n<meta property=\"og:title\" content=\"MIT CSIN\u00c1LOK? &#8212; kodacx design\" \/>\n<meta property=\"og:description\" content=\"kodacx design - Kov\u00e1cs D\u00e1niel magyar alkalmazott grafikus \/ hungarian graphic designer\" \/>\n<meta property=\"og:url\" content=\"https:\/\/www.kodacx.hu\/?page_id=21\" \/>\n<meta property=\"og:site_name\" content=\"kodacx design\" \/>\n<meta property=\"article:publisher\" content=\"https:\/\/www.facebook.com\/kodacx\" \/>\n<meta property=\"article:modified_time\" content=\"2018-05-16T12:19:51+00:00\" \/>\n<meta name=\"twitter:card\" content=\"summary_large_image\" \/>\n<meta name=\"twitter:label1\" content=\"Becs\u00fclt olvas\u00e1si id\u0151\" \/>\n\t<meta name=\"twitter:data1\" content=\"2 perc\" \/>\n<script type=\"application\/ld+json\" class=\"yoast-schema-graph\">{\"@context\":\"https:\\\/\\\/schema.org\",\"@graph\":[{\"@type\":\"WebPage\",\"@id\":\"https:\\\/\\\/www.kodacx.hu\\\/?page_id=21\",\"url\":\"https:\\\/\\\/www.kodacx.hu\\\/?page_id=21\",\"name\":\"MIT CSIN\u00c1LOK? &#8212; kodacx design\",\"isPartOf\":{\"@id\":\"https:\\\/\\\/www.kodacx.hu\\\/#website\"},\"datePublished\":\"2013-04-13T09:34:38+00:00\",\"dateModified\":\"2018-05-16T12:19:51+00:00\",\"description\":\"kodacx design - Kov\u00e1cs D\u00e1niel magyar alkalmazott grafikus \\\/ hungarian graphic designer\",\"breadcrumb\":{\"@id\":\"https:\\\/\\\/www.kodacx.hu\\\/?page_id=21#breadcrumb\"},\"inLanguage\":\"hu\",\"potentialAction\":[{\"@type\":\"ReadAction\",\"target\":[\"https:\\\/\\\/www.kodacx.hu\\\/?page_id=21\"]}]},{\"@type\":\"BreadcrumbList\",\"@id\":\"https:\\\/\\\/www.kodacx.hu\\\/?page_id=21#breadcrumb\",\"itemListElement\":[{\"@type\":\"ListItem\",\"position\":1,\"name\":\"Home\",\"item\":\"https:\\\/\\\/www.kodacx.hu\\\/\"},{\"@type\":\"ListItem\",\"position\":2,\"name\":\"MIT CSIN\u00c1LOK?\"}]},{\"@type\":\"WebSite\",\"@id\":\"https:\\\/\\\/www.kodacx.hu\\\/#website\",\"url\":\"https:\\\/\\\/www.kodacx.hu\\\/\",\"name\":\"kodacx design\",\"description\":\"Kov\u00e1cs D\u00e1niel &quot;kodacx&quot; alkalmazott grafikus\",\"publisher\":{\"@id\":\"https:\\\/\\\/www.kodacx.hu\\\/#\\\/schema\\\/person\\\/3d9b63c6491c0b4ca008cffa6b66b384\"},\"potentialAction\":[{\"@type\":\"SearchAction\",\"target\":{\"@type\":\"EntryPoint\",\"urlTemplate\":\"https:\\\/\\\/www.kodacx.hu\\\/?s={search_term_string}\"},\"query-input\":{\"@type\":\"PropertyValueSpecification\",\"valueRequired\":true,\"valueName\":\"search_term_string\"}}],\"inLanguage\":\"hu\"},{\"@type\":[\"Person\",\"Organization\"],\"@id\":\"https:\\\/\\\/www.kodacx.hu\\\/#\\\/schema\\\/person\\\/3d9b63c6491c0b4ca008cffa6b66b384\",\"name\":\"kodacx\",\"image\":{\"@type\":\"ImageObject\",\"inLanguage\":\"hu\",\"@id\":\"https:\\\/\\\/www.kodacx.hu\\\/wp-content\\\/uploads\\\/2019\\\/10\\\/kodacx-design-uj-logo-512\u00d7512.jpg\",\"url\":\"https:\\\/\\\/www.kodacx.hu\\\/wp-content\\\/uploads\\\/2019\\\/10\\\/kodacx-design-uj-logo-512\u00d7512.jpg\",\"contentUrl\":\"https:\\\/\\\/www.kodacx.hu\\\/wp-content\\\/uploads\\\/2019\\\/10\\\/kodacx-design-uj-logo-512\u00d7512.jpg\",\"width\":512,\"height\":512,\"caption\":\"kodacx\"},\"logo\":{\"@id\":\"https:\\\/\\\/www.kodacx.hu\\\/wp-content\\\/uploads\\\/2019\\\/10\\\/kodacx-design-uj-logo-512\u00d7512.jpg\"},\"description\":\"Kov\u00e1cs D\u00e1niel kodacx, budapesti alkalmazott grafikus vagyok. 2006-ban v\u00e9geztem az \u00d3budai K\u00e9pz\u0151m\u0171v\u00e9szeti Szakk\u00f6z\u00e9pben, Gerhes G\u00e1bor tan\u00edtv\u00e1nyak\u00e9nt. F\u0151bb ter\u00fcleteim: arculat tervez\u00e9s, grafikai tervez\u00e9s, t\u00f6rdel\u00e9s, illusztr\u00e1ci\u00f3k, tudom\u00e1nyos illusztr\u00e1ci\u00f3k, webes alkalmaz\u00e1sok, rekl\u00e1mok, honlapok grafikai anyagainak elk\u00e9sz\u00edt\u00e9se, WP honlapok k\u00e9sz\u00edt\u00e9se \u00e9s \u00e1talak\u00edt\u00e1sa\",\"sameAs\":[\"http:\\\/\\\/kodacx.hu\",\"https:\\\/\\\/www.facebook.com\\\/kodacx\",\"https:\\\/\\\/www.linkedin.com\\\/in\\\/dniel-kovcs-96429016\\\/\"]}]}<\/script>\n<!-- \/ Yoast SEO plugin. -->","yoast_head_json":{"title":"MIT CSIN\u00c1LOK? &#8212; kodacx design","description":"kodacx design - Kov\u00e1cs D\u00e1niel magyar alkalmazott grafikus \/ hungarian graphic designer","robots":{"index":"index","follow":"follow","max-snippet":"max-snippet:-1","max-image-preview":"max-image-preview:large","max-video-preview":"max-video-preview:-1"},"canonical":"https:\/\/www.kodacx.hu\/?page_id=21","og_locale":"hu_HU","og_type":"article","og_title":"MIT CSIN\u00c1LOK? &#8212; kodacx design","og_description":"kodacx design - Kov\u00e1cs D\u00e1niel magyar alkalmazott grafikus \/ hungarian graphic designer","og_url":"https:\/\/www.kodacx.hu\/?page_id=21","og_site_name":"kodacx design","article_publisher":"https:\/\/www.facebook.com\/kodacx","article_modified_time":"2018-05-16T12:19:51+00:00","twitter_card":"summary_large_image","twitter_misc":{"Becs\u00fclt olvas\u00e1si id\u0151":"2 perc"},"schema":{"@context":"https:\/\/schema.org","@graph":[{"@type":"WebPage","@id":"https:\/\/www.kodacx.hu\/?page_id=21","url":"https:\/\/www.kodacx.hu\/?page_id=21","name":"MIT CSIN\u00c1LOK? &#8212; kodacx design","isPartOf":{"@id":"https:\/\/www.kodacx.hu\/#website"},"datePublished":"2013-04-13T09:34:38+00:00","dateModified":"2018-05-16T12:19:51+00:00","description":"kodacx design - Kov\u00e1cs D\u00e1niel magyar alkalmazott grafikus \/ hungarian graphic designer","breadcrumb":{"@id":"https:\/\/www.kodacx.hu\/?page_id=21#breadcrumb"},"inLanguage":"hu","potentialAction":[{"@type":"ReadAction","target":["https:\/\/www.kodacx.hu\/?page_id=21"]}]},{"@type":"BreadcrumbList","@id":"https:\/\/www.kodacx.hu\/?page_id=21#breadcrumb","itemListElement":[{"@type":"ListItem","position":1,"name":"Home","item":"https:\/\/www.kodacx.hu\/"},{"@type":"ListItem","position":2,"name":"MIT CSIN\u00c1LOK?"}]},{"@type":"WebSite","@id":"https:\/\/www.kodacx.hu\/#website","url":"https:\/\/www.kodacx.hu\/","name":"kodacx design","description":"Kov\u00e1cs D\u00e1niel &quot;kodacx&quot; alkalmazott grafikus","publisher":{"@id":"https:\/\/www.kodacx.hu\/#\/schema\/person\/3d9b63c6491c0b4ca008cffa6b66b384"},"potentialAction":[{"@type":"SearchAction","target":{"@type":"EntryPoint","urlTemplate":"https:\/\/www.kodacx.hu\/?s={search_term_string}"},"query-input":{"@type":"PropertyValueSpecification","valueRequired":true,"valueName":"search_term_string"}}],"inLanguage":"hu"},{"@type":["Person","Organization"],"@id":"https:\/\/www.kodacx.hu\/#\/schema\/person\/3d9b63c6491c0b4ca008cffa6b66b384","name":"kodacx","image":{"@type":"ImageObject","inLanguage":"hu","@id":"https:\/\/www.kodacx.hu\/wp-content\/uploads\/2019\/10\/kodacx-design-uj-logo-512\u00d7512.jpg","url":"https:\/\/www.kodacx.hu\/wp-content\/uploads\/2019\/10\/kodacx-design-uj-logo-512\u00d7512.jpg","contentUrl":"https:\/\/www.kodacx.hu\/wp-content\/uploads\/2019\/10\/kodacx-design-uj-logo-512\u00d7512.jpg","width":512,"height":512,"caption":"kodacx"},"logo":{"@id":"https:\/\/www.kodacx.hu\/wp-content\/uploads\/2019\/10\/kodacx-design-uj-logo-512\u00d7512.jpg"},"description":"Kov\u00e1cs D\u00e1niel kodacx, budapesti alkalmazott grafikus vagyok. 2006-ban v\u00e9geztem az \u00d3budai K\u00e9pz\u0151m\u0171v\u00e9szeti Szakk\u00f6z\u00e9pben, Gerhes G\u00e1bor tan\u00edtv\u00e1nyak\u00e9nt. F\u0151bb ter\u00fcleteim: arculat tervez\u00e9s, grafikai tervez\u00e9s, t\u00f6rdel\u00e9s, illusztr\u00e1ci\u00f3k, tudom\u00e1nyos illusztr\u00e1ci\u00f3k, webes alkalmaz\u00e1sok, rekl\u00e1mok, honlapok grafikai anyagainak elk\u00e9sz\u00edt\u00e9se, WP honlapok k\u00e9sz\u00edt\u00e9se \u00e9s \u00e1talak\u00edt\u00e1sa","sameAs":["http:\/\/kodacx.hu","https:\/\/www.facebook.com\/kodacx","https:\/\/www.linkedin.com\/in\/dniel-kovcs-96429016\/"]}]}},"_links":{"self":[{"href":"https:\/\/www.kodacx.hu\/index.php?rest_route=\/wp\/v2\/pages\/21","targetHints":{"allow":["GET"]}}],"collection":[{"href":"https:\/\/www.kodacx.hu\/index.php?rest_route=\/wp\/v2\/pages"}],"about":[{"href":"https:\/\/www.kodacx.hu\/index.php?rest_route=\/wp\/v2\/types\/page"}],"author":[{"embeddable":true,"href":"https:\/\/www.kodacx.hu\/index.php?rest_route=\/wp\/v2\/users\/1"}],"replies":[{"embeddable":true,"href":"https:\/\/www.kodacx.hu\/index.php?rest_route=%2Fwp%2Fv2%2Fcomments&post=21"}],"version-history":[{"count":26,"href":"https:\/\/www.kodacx.hu\/index.php?rest_route=\/wp\/v2\/pages\/21\/revisions"}],"predecessor-version":[{"id":527,"href":"https:\/\/www.kodacx.hu\/index.php?rest_route=\/wp\/v2\/pages\/21\/revisions\/527"}],"wp:attachment":[{"href":"https:\/\/www.kodacx.hu\/index.php?rest_route=%2Fwp%2Fv2%2Fmedia&parent=21"}],"curies":[{"name":"wp","href":"https:\/\/api.w.org\/{rel}","templated":true}]}}