{"id":11,"date":"2013-04-12T11:27:39","date_gmt":"2013-04-12T09:27:39","guid":{"rendered":"http:\/\/kodacx.kovacspeter.net\/?page_id=11"},"modified":"2019-09-05T12:04:41","modified_gmt":"2019-09-05T10:04:41","slug":"elerhetosegek","status":"publish","type":"page","link":"https:\/\/www.kodacx.hu\/?page_id=11","title":{"rendered":"EL\u00c9RHET\u0150S\u00c9G"},"content":{"rendered":"<h2>Kov\u00e1cs D\u00e1niel &#8211; kodacx<\/h2>\n<p><strong>Telefonon: +36 30 368 91 37<br \/>\n<\/strong><em>(Nem sz\u00e1mkijelzett, vagy k\u00f6zponti sz\u00e1mos h\u00edv\u00e1sokat a legjobb sz\u00e1nd\u00e9kaim szerint sem tudok \u00e1m visszah\u00edvni&#8230;ez m\u00e1r csak ilyen!) \ud83d\ude42<\/em><strong><br \/>\n<\/strong><br \/>\nH\u00e9tk\u00f6znapokon:\u00a008:00 &#8211; 20:00<br \/>\nH\u00e9tv\u00e9g\u00e9n \u00e9s \u00fcnnepnapokon: 10:00 &#8211; 14:00<\/p>\n<p><strong>E-mail:<\/strong><\/p>\n<p><em>\u00d6n a 2018. m\u00e1jus 25-\u00e9t\u0151l \u00e9letbe l\u00e9p\u0151 <strong>GDRP<\/strong> (General Data Protection Regulation), azaz az EU \u00c1ltal\u00e1nos Adatv\u00e9delmi Rendelet\u00e9nek (EU 2016\/679) \u00e9rtelm\u00e9ben csak \u00fagy l\u00e9phet velem kapcsolatba, ha el\u0151z\u0151leg \u00d6nt t\u00e1j\u00e9koztatom, hogy ez\u00e1ltal olyan szem\u00e9lyes adatai, mint neve, \u00e9s e-mail c\u00edme a birtokomba ker\u00fcl, amikkel kapcsolatosan \u00e9n eleget teszek a fenti jogszab\u00e1lyban foglaltaknak \u00e9s hogy ezt \u00d6n meg\u00e9rtette, elfogadja, \u00e9s ezt egy checkbox kipip\u00e1l\u00e1s\u00e1val meg is er\u0151s\u00edti!<br \/>\nSzem\u00e9lyes v\u00e9lem\u00e9nyem, hogy ezek szerint az EU hivatalnokai \u00d6n-t \u00e9lb\u0151l h\u00fcly\u00e9nek, engem meg gazembernek n\u00e9znek, a nev\u00fckben is eln\u00e9z\u00e9st k\u00e9rek!<br \/>\n<\/em><br \/>\n\n<div class=\"wpcf7 no-js\" id=\"wpcf7-f537-o1\" lang=\"hu-HU\" dir=\"ltr\" data-wpcf7-id=\"537\">\n<div class=\"screen-reader-response\"><p role=\"status\" aria-live=\"polite\" aria-atomic=\"true\"><\/p> <ul><\/ul><\/div>\n<form action=\"\/index.php?rest_route=%2Fwp%2Fv2%2Fpages%2F11#wpcf7-f537-o1\" method=\"post\" class=\"wpcf7-form init\" aria-label=\"Kapcsolatfelv\u00e9teli \u0171rlap\" novalidate=\"novalidate\" data-status=\"init\">\n<fieldset class=\"hidden-fields-container\"><input type=\"hidden\" name=\"_wpcf7\" value=\"537\" \/><input type=\"hidden\" name=\"_wpcf7_version\" value=\"6.1.5\" \/><input type=\"hidden\" name=\"_wpcf7_locale\" value=\"hu_HU\" \/><input type=\"hidden\" name=\"_wpcf7_unit_tag\" value=\"wpcf7-f537-o1\" \/><input type=\"hidden\" name=\"_wpcf7_container_post\" value=\"0\" \/><input type=\"hidden\" name=\"_wpcf7_posted_data_hash\" value=\"\" \/>\n<\/fieldset>\n<p><span class=\"wpcf7-form-control-wrap\" data-name=\"acceptance-67\"><span class=\"wpcf7-form-control wpcf7-acceptance\"><span class=\"wpcf7-list-item\"><label><input type=\"checkbox\" name=\"acceptance-67\" value=\"1\" aria-invalid=\"false\" \/><span class=\"wpcf7-list-item-label\">Ezennel elfogadom, hogy az \u00e1ltalam kezdem\u00e9nyezett kapcsolatfelv\u00e9tel alapj\u00e1n birtok\u00e1ba ker\u00fcl\u0151 szem\u00e9lyes adataimat kezelje! A munk\u00e1m sor\u00e1n v\u00e9gzett adatkezel\u00e9sr\u0151l tov\u00e1bbi r\u00e9szleteket az <a href=\"https:\/\/www.kodacx.hu\/?page_id=546\">Adatkezel\u00e9si T\u00e1j\u00e9koztat\u00f3ban<\/a> olvashat!<\/span><\/label><\/span><\/span><\/span>\n<\/p>\n<p><label> N\u00e9v (k\u00f6telez\u0151)<br \/>\n<span class=\"wpcf7-form-control-wrap\" data-name=\"your-name\"><input size=\"40\" maxlength=\"400\" class=\"wpcf7-form-control wpcf7-text wpcf7-validates-as-required\" aria-required=\"true\" aria-invalid=\"false\" value=\"\" type=\"text\" name=\"your-name\" \/><\/span> <\/label>\n<\/p>\n<p><label> Email c\u00edm (k\u00f6telez\u0151)<br \/>\n<span class=\"wpcf7-form-control-wrap\" data-name=\"your-email\"><input size=\"40\" maxlength=\"400\" class=\"wpcf7-form-control wpcf7-email wpcf7-validates-as-required wpcf7-text wpcf7-validates-as-email\" aria-required=\"true\" aria-invalid=\"false\" value=\"\" type=\"email\" name=\"your-email\" \/><\/span> <\/label>\n<\/p>\n<p><label> T\u00e1rgy<br \/>\n<span class=\"wpcf7-form-control-wrap\" data-name=\"your-subject\"><input size=\"40\" maxlength=\"400\" class=\"wpcf7-form-control wpcf7-text\" aria-invalid=\"false\" value=\"\" type=\"text\" name=\"your-subject\" \/><\/span> <\/label>\n<\/p>\n<p><label> \u00dczenet<br \/>\n<span class=\"wpcf7-form-control-wrap\" data-name=\"your-message\"><textarea cols=\"40\" rows=\"10\" maxlength=\"2000\" class=\"wpcf7-form-control wpcf7-textarea\" aria-invalid=\"false\" name=\"your-message\"><\/textarea><\/span> <\/label>\n<\/p>\n<p><input class=\"wpcf7-form-control wpcf7-submit has-spinner\" type=\"submit\" value=\"K\u00fcld\u00e9s\" \/>\n<\/p><div class=\"wpcf7-response-output\" aria-hidden=\"true\"><\/div>\n<\/form>\n<\/div>\n<\/p>\n<p>&nbsp;<\/p>\n<p>Az \u00e1ltalam tervezett mint\u00e1s p\u00f3l\u00f3kat, b\u00f6gr\u00e9ket, aj\u00e1nd\u00e9kt\u00e1rgyakat itt lehet megrendelni:<br \/>\n<a title=\"kodacx p\u00f3l\u00f3\" href=\"http:\/\/kodacxpolo.polomania.hu\/\" target=\"_blank\" rel=\"noopener\">http:\/\/kodacxpolo.polomania.hu\/<\/a><\/p>\n","protected":false},"excerpt":{"rendered":"<p>Kov\u00e1cs D\u00e1niel &#8211; kodacx Telefonon: +36 30 368 91 37 (Nem sz\u00e1mkijelzett, vagy k\u00f6zponti sz\u00e1mos h\u00edv\u00e1sokat a legjobb sz\u00e1nd\u00e9kaim szerint sem tudok \u00e1m visszah\u00edvni&#8230;ez m\u00e1r csak ilyen!) \ud83d\ude42 H\u00e9tk\u00f6znapokon:\u00a008:00 &#8211; 20:00 H\u00e9tv\u00e9g\u00e9n \u00e9s \u00fcnnepnapokon: 10:00 &#8211; 14:00 E-mail: \u00d6n a &hellip; <a href=\"https:\/\/www.kodacx.hu\/?page_id=11\">Egy kattint\u00e1s ide a folytat\u00e1shoz&#8230;. <span class=\"meta-nav\">&rarr;<\/span><\/a><\/p>\n","protected":false},"author":1,"featured_media":0,"parent":0,"menu_order":5,"comment_status":"closed","ping_status":"closed","template":"","meta":{"_monsterinsights_skip_tracking":false,"_monsterinsights_sitenote_active":false,"_monsterinsights_sitenote_note":"","_monsterinsights_sitenote_category":0,"footnotes":""},"class_list":["post-11","page","type-page","status-publish","hentry"],"yoast_head":"<!-- This site is optimized with the Yoast SEO plugin v27.5 - https:\/\/yoast.com\/product\/yoast-seo-wordpress\/ -->\n<title>EL\u00c9RHET\u0150S\u00c9G &#8212; kodacx design<\/title>\n<meta name=\"description\" content=\"kodacx design - Kov\u00e1cs D\u00e1niel magyar alkalmazott grafikus \/ hungarian graphic designer\" \/>\n<meta name=\"robots\" content=\"index, follow, max-snippet:-1, max-image-preview:large, max-video-preview:-1\" \/>\n<link rel=\"canonical\" href=\"https:\/\/www.kodacx.hu\/?page_id=11\" \/>\n<meta property=\"og:locale\" content=\"hu_HU\" \/>\n<meta property=\"og:type\" content=\"article\" \/>\n<meta property=\"og:title\" content=\"EL\u00c9RHET\u0150S\u00c9G &#8212; kodacx design\" \/>\n<meta property=\"og:description\" content=\"kodacx design - Kov\u00e1cs D\u00e1niel magyar alkalmazott grafikus \/ hungarian graphic designer\" \/>\n<meta property=\"og:url\" content=\"https:\/\/www.kodacx.hu\/?page_id=11\" \/>\n<meta property=\"og:site_name\" content=\"kodacx design\" \/>\n<meta property=\"article:publisher\" content=\"https:\/\/www.facebook.com\/kodacx\" \/>\n<meta property=\"article:modified_time\" content=\"2019-09-05T10:04:41+00:00\" \/>\n<meta name=\"twitter:card\" content=\"summary_large_image\" \/>\n<meta name=\"twitter:label1\" content=\"Becs\u00fclt olvas\u00e1si id\u0151\" \/>\n\t<meta name=\"twitter:data1\" content=\"1 perc\" \/>\n<script type=\"application\/ld+json\" class=\"yoast-schema-graph\">{\"@context\":\"https:\\\/\\\/schema.org\",\"@graph\":[{\"@type\":\"WebPage\",\"@id\":\"https:\\\/\\\/www.kodacx.hu\\\/?page_id=11\",\"url\":\"https:\\\/\\\/www.kodacx.hu\\\/?page_id=11\",\"name\":\"EL\u00c9RHET\u0150S\u00c9G &#8212; kodacx design\",\"isPartOf\":{\"@id\":\"https:\\\/\\\/www.kodacx.hu\\\/#website\"},\"datePublished\":\"2013-04-12T09:27:39+00:00\",\"dateModified\":\"2019-09-05T10:04:41+00:00\",\"description\":\"kodacx design - Kov\u00e1cs D\u00e1niel magyar alkalmazott grafikus \\\/ hungarian graphic designer\",\"breadcrumb\":{\"@id\":\"https:\\\/\\\/www.kodacx.hu\\\/?page_id=11#breadcrumb\"},\"inLanguage\":\"hu\",\"potentialAction\":[{\"@type\":\"ReadAction\",\"target\":[\"https:\\\/\\\/www.kodacx.hu\\\/?page_id=11\"]}]},{\"@type\":\"BreadcrumbList\",\"@id\":\"https:\\\/\\\/www.kodacx.hu\\\/?page_id=11#breadcrumb\",\"itemListElement\":[{\"@type\":\"ListItem\",\"position\":1,\"name\":\"Home\",\"item\":\"https:\\\/\\\/www.kodacx.hu\\\/\"},{\"@type\":\"ListItem\",\"position\":2,\"name\":\"EL\u00c9RHET\u0150S\u00c9G\"}]},{\"@type\":\"WebSite\",\"@id\":\"https:\\\/\\\/www.kodacx.hu\\\/#website\",\"url\":\"https:\\\/\\\/www.kodacx.hu\\\/\",\"name\":\"kodacx design\",\"description\":\"Kov\u00e1cs D\u00e1niel &quot;kodacx&quot; alkalmazott grafikus\",\"publisher\":{\"@id\":\"https:\\\/\\\/www.kodacx.hu\\\/#\\\/schema\\\/person\\\/3d9b63c6491c0b4ca008cffa6b66b384\"},\"potentialAction\":[{\"@type\":\"SearchAction\",\"target\":{\"@type\":\"EntryPoint\",\"urlTemplate\":\"https:\\\/\\\/www.kodacx.hu\\\/?s={search_term_string}\"},\"query-input\":{\"@type\":\"PropertyValueSpecification\",\"valueRequired\":true,\"valueName\":\"search_term_string\"}}],\"inLanguage\":\"hu\"},{\"@type\":[\"Person\",\"Organization\"],\"@id\":\"https:\\\/\\\/www.kodacx.hu\\\/#\\\/schema\\\/person\\\/3d9b63c6491c0b4ca008cffa6b66b384\",\"name\":\"kodacx\",\"image\":{\"@type\":\"ImageObject\",\"inLanguage\":\"hu\",\"@id\":\"https:\\\/\\\/www.kodacx.hu\\\/wp-content\\\/uploads\\\/2019\\\/10\\\/kodacx-design-uj-logo-512\u00d7512.jpg\",\"url\":\"https:\\\/\\\/www.kodacx.hu\\\/wp-content\\\/uploads\\\/2019\\\/10\\\/kodacx-design-uj-logo-512\u00d7512.jpg\",\"contentUrl\":\"https:\\\/\\\/www.kodacx.hu\\\/wp-content\\\/uploads\\\/2019\\\/10\\\/kodacx-design-uj-logo-512\u00d7512.jpg\",\"width\":512,\"height\":512,\"caption\":\"kodacx\"},\"logo\":{\"@id\":\"https:\\\/\\\/www.kodacx.hu\\\/wp-content\\\/uploads\\\/2019\\\/10\\\/kodacx-design-uj-logo-512\u00d7512.jpg\"},\"description\":\"Kov\u00e1cs D\u00e1niel kodacx, budapesti alkalmazott grafikus vagyok. 2006-ban v\u00e9geztem az \u00d3budai K\u00e9pz\u0151m\u0171v\u00e9szeti Szakk\u00f6z\u00e9pben, Gerhes G\u00e1bor tan\u00edtv\u00e1nyak\u00e9nt. F\u0151bb ter\u00fcleteim: arculat tervez\u00e9s, grafikai tervez\u00e9s, t\u00f6rdel\u00e9s, illusztr\u00e1ci\u00f3k, tudom\u00e1nyos illusztr\u00e1ci\u00f3k, webes alkalmaz\u00e1sok, rekl\u00e1mok, honlapok grafikai anyagainak elk\u00e9sz\u00edt\u00e9se, WP honlapok k\u00e9sz\u00edt\u00e9se \u00e9s \u00e1talak\u00edt\u00e1sa\",\"sameAs\":[\"http:\\\/\\\/kodacx.hu\",\"https:\\\/\\\/www.facebook.com\\\/kodacx\",\"https:\\\/\\\/www.linkedin.com\\\/in\\\/dniel-kovcs-96429016\\\/\"]}]}<\/script>\n<!-- \/ Yoast SEO plugin. -->","yoast_head_json":{"title":"EL\u00c9RHET\u0150S\u00c9G &#8212; kodacx design","description":"kodacx design - Kov\u00e1cs D\u00e1niel magyar alkalmazott grafikus \/ hungarian graphic designer","robots":{"index":"index","follow":"follow","max-snippet":"max-snippet:-1","max-image-preview":"max-image-preview:large","max-video-preview":"max-video-preview:-1"},"canonical":"https:\/\/www.kodacx.hu\/?page_id=11","og_locale":"hu_HU","og_type":"article","og_title":"EL\u00c9RHET\u0150S\u00c9G &#8212; kodacx design","og_description":"kodacx design - Kov\u00e1cs D\u00e1niel magyar alkalmazott grafikus \/ hungarian graphic designer","og_url":"https:\/\/www.kodacx.hu\/?page_id=11","og_site_name":"kodacx design","article_publisher":"https:\/\/www.facebook.com\/kodacx","article_modified_time":"2019-09-05T10:04:41+00:00","twitter_card":"summary_large_image","twitter_misc":{"Becs\u00fclt olvas\u00e1si id\u0151":"1 perc"},"schema":{"@context":"https:\/\/schema.org","@graph":[{"@type":"WebPage","@id":"https:\/\/www.kodacx.hu\/?page_id=11","url":"https:\/\/www.kodacx.hu\/?page_id=11","name":"EL\u00c9RHET\u0150S\u00c9G &#8212; kodacx design","isPartOf":{"@id":"https:\/\/www.kodacx.hu\/#website"},"datePublished":"2013-04-12T09:27:39+00:00","dateModified":"2019-09-05T10:04:41+00:00","description":"kodacx design - Kov\u00e1cs D\u00e1niel magyar alkalmazott grafikus \/ hungarian graphic designer","breadcrumb":{"@id":"https:\/\/www.kodacx.hu\/?page_id=11#breadcrumb"},"inLanguage":"hu","potentialAction":[{"@type":"ReadAction","target":["https:\/\/www.kodacx.hu\/?page_id=11"]}]},{"@type":"BreadcrumbList","@id":"https:\/\/www.kodacx.hu\/?page_id=11#breadcrumb","itemListElement":[{"@type":"ListItem","position":1,"name":"Home","item":"https:\/\/www.kodacx.hu\/"},{"@type":"ListItem","position":2,"name":"EL\u00c9RHET\u0150S\u00c9G"}]},{"@type":"WebSite","@id":"https:\/\/www.kodacx.hu\/#website","url":"https:\/\/www.kodacx.hu\/","name":"kodacx design","description":"Kov\u00e1cs D\u00e1niel &quot;kodacx&quot; alkalmazott grafikus","publisher":{"@id":"https:\/\/www.kodacx.hu\/#\/schema\/person\/3d9b63c6491c0b4ca008cffa6b66b384"},"potentialAction":[{"@type":"SearchAction","target":{"@type":"EntryPoint","urlTemplate":"https:\/\/www.kodacx.hu\/?s={search_term_string}"},"query-input":{"@type":"PropertyValueSpecification","valueRequired":true,"valueName":"search_term_string"}}],"inLanguage":"hu"},{"@type":["Person","Organization"],"@id":"https:\/\/www.kodacx.hu\/#\/schema\/person\/3d9b63c6491c0b4ca008cffa6b66b384","name":"kodacx","image":{"@type":"ImageObject","inLanguage":"hu","@id":"https:\/\/www.kodacx.hu\/wp-content\/uploads\/2019\/10\/kodacx-design-uj-logo-512\u00d7512.jpg","url":"https:\/\/www.kodacx.hu\/wp-content\/uploads\/2019\/10\/kodacx-design-uj-logo-512\u00d7512.jpg","contentUrl":"https:\/\/www.kodacx.hu\/wp-content\/uploads\/2019\/10\/kodacx-design-uj-logo-512\u00d7512.jpg","width":512,"height":512,"caption":"kodacx"},"logo":{"@id":"https:\/\/www.kodacx.hu\/wp-content\/uploads\/2019\/10\/kodacx-design-uj-logo-512\u00d7512.jpg"},"description":"Kov\u00e1cs D\u00e1niel kodacx, budapesti alkalmazott grafikus vagyok. 2006-ban v\u00e9geztem az \u00d3budai K\u00e9pz\u0151m\u0171v\u00e9szeti Szakk\u00f6z\u00e9pben, Gerhes G\u00e1bor tan\u00edtv\u00e1nyak\u00e9nt. F\u0151bb ter\u00fcleteim: arculat tervez\u00e9s, grafikai tervez\u00e9s, t\u00f6rdel\u00e9s, illusztr\u00e1ci\u00f3k, tudom\u00e1nyos illusztr\u00e1ci\u00f3k, webes alkalmaz\u00e1sok, rekl\u00e1mok, honlapok grafikai anyagainak elk\u00e9sz\u00edt\u00e9se, WP honlapok k\u00e9sz\u00edt\u00e9se \u00e9s \u00e1talak\u00edt\u00e1sa","sameAs":["http:\/\/kodacx.hu","https:\/\/www.facebook.com\/kodacx","https:\/\/www.linkedin.com\/in\/dniel-kovcs-96429016\/"]}]}},"_links":{"self":[{"href":"https:\/\/www.kodacx.hu\/index.php?rest_route=\/wp\/v2\/pages\/11","targetHints":{"allow":["GET"]}}],"collection":[{"href":"https:\/\/www.kodacx.hu\/index.php?rest_route=\/wp\/v2\/pages"}],"about":[{"href":"https:\/\/www.kodacx.hu\/index.php?rest_route=\/wp\/v2\/types\/page"}],"author":[{"embeddable":true,"href":"https:\/\/www.kodacx.hu\/index.php?rest_route=\/wp\/v2\/users\/1"}],"replies":[{"embeddable":true,"href":"https:\/\/www.kodacx.hu\/index.php?rest_route=%2Fwp%2Fv2%2Fcomments&post=11"}],"version-history":[{"count":23,"href":"https:\/\/www.kodacx.hu\/index.php?rest_route=\/wp\/v2\/pages\/11\/revisions"}],"predecessor-version":[{"id":596,"href":"https:\/\/www.kodacx.hu\/index.php?rest_route=\/wp\/v2\/pages\/11\/revisions\/596"}],"wp:attachment":[{"href":"https:\/\/www.kodacx.hu\/index.php?rest_route=%2Fwp%2Fv2%2Fmedia&parent=11"}],"curies":[{"name":"wp","href":"https:\/\/api.w.org\/{rel}","templated":true}]}}